{"id":3290,"date":"2022-11-10T20:54:01","date_gmt":"2022-11-10T20:54:01","guid":{"rendered":"https:\/\/flohmarktgraz.at\/predpisi-o-bolsjem-trgu\/"},"modified":"2023-12-29T01:15:35","modified_gmt":"2023-12-29T01:15:35","slug":"predpisi-o-bolsjem-trgu","status":"publish","type":"page","link":"https:\/\/flohmarktgraz.at\/sl\/predpisi-o-bolsjem-trgu\/","title":{"rendered":"Predpisi o bol\u0161jem trgu"},"content":{"rendered":"\n<p><strong>Z vstopom na razstavni prostor najemnik sprejme vse pogoje naslednjega sporazuma.<\/strong><\/p>\n\n<p>&#8221; Prodaja <strong>NOVEGA BLAGA<\/strong> je prepovedana.<\/p>\n\n<p>&#8221;  <strong><mark style=\"background-color:#f3db22\" class=\"has-inline-color\">Iz prodaje so izklju\u010deni hrana, oro\u017eje, no\u017ei, pornografski izdelki, piratske kopije (glasba in film), ponaredki vseh vrst, vnetljivo blago, eksplozivi, blago, ki je nevarno za ljudi, \u017eivali, blago, ki je nevarno za vodo (npr. baterije, barve, olja, kemikalije itd.), \u017eivila in luksuzna \u017eivila, pija\u010de, cigarete, voja\u0161ko blago in blago, ki je nevarno za okolje. Bojna oprema, blago s svastiko ali simboli nacisti\u010dne dobe in\/ali drugih prepovedanih organizacij, blago sumljivega izvora (ukradeno ali tihotapljeno blago), trta, makova slama in posteljno perje. Vse igre na sre\u010do so prepovedane.<\/mark><\/strong><\/p>\n\n<p>&#8221; Prodaja blaga je namenjena izklju\u010dno na obmo\u010dju rasti\u0161\u010da.<\/p>\n\n<p>&#8221; Razstavljavci lahko uporabljajo mobilne <strong>sanitarije<\/strong> na razstavnem prostoru. Na njih ne sme biti umazanije.<\/p>\n\n<p>&#8221; <strong>Podnajem s<\/strong> strani razstavljavca ni dovoljen.  <\/p>\n\n<p>&#8221; Poskrbeti je treba, da se prepre\u010di <strong>motenje<\/strong> (hrup itd.) sosedov, obiskovalcev ali drugih razstavljavcev.<\/p>\n\n<p>&#8221; <strong>StVo<\/strong> se uporablja na spletni strani. <strong>Odgovornost<\/strong> organizatorja <strong>za<\/strong> \u0161kodo na blagu, vozilih in osebah je izklju\u010dena. Razstavljavec je odgovoren za vso \u0161kodo, ki nastane v \u010dasu najema.<\/p>\n\n<p>&#8221; Hrup motorja mora biti \u010dim manj\u0161i.<\/p>\n\n<p>&#8221; Navodila <strong>nadzornikov<\/strong> je treba upo\u0161tevati brez izjeme.<\/p>\n\n<p>&#8221; <strong>Vra\u010dilo razstavne pristojbine <\/strong>je izklju\u010deno.<\/p>\n\n<p>&#8221; Razstavljavec je lahko odstranjen s sejmi\u0161\u010da, \u010de ne upo\u0161teva enega ali ve\u010d pogodbenih pogojev.<\/p>\n\n<p>&#8221; Upravljavec mora sprejeti izre\u010deno<strong>&#8220;prepoved lokacije<\/strong>&#8221; (\u010de je ne sprejme, bo vlo\u017eena civilna to\u017eba). Vse nastale stro\u0161ke bomo prenesli na vas.<\/p>\n\n<p>&#8221; <strong>Psi<\/strong> na povodcu + vre\u010dka za iztrebke.<\/p>\n\n<p>&#8221; Star\u0161i so odgovorni za svoje <strong>otroke<\/strong>.<\/p>\n\n<p>&#8221; Navzgor ali navzdol Razstavljeno blago in predmeti, ki jih prinesete s seboj, so na lastno odgovornost.<\/p>\n\n<p>&#8221; Pri postavljanju stojnice je treba paziti, da je zagotovljena \u0161irina prehoda<br\/>mora biti vsaj 3,5 metra prosta za vsa vozila za nujne primere.<\/p>\n\n<p>&#8221; Zaradi varnosti mimoido\u010dih na obmo\u010dje trga ni dovoljeno voziti z<br\/>Motorna vozila med tr\u017enim \u010dasom niso dovoljena.<\/p>\n\n<p>&#8221; Uporaba uteko\u010dinjenega naftnega plina je prepovedana.<\/p>\n\n<p>&#8221; Varnostne opreme (plinskih zapornih ventilov, nadzemnih ali podzemnih hidrantov in &#8220;taktilnih vodilnih naprav&#8221; (vodilnih linij za slepe) ne smejo ovirati nadgradnje ali vozila.<\/p>\n\n<p>&#8221; Organizator ne odgovarja za razstavljav\u010devo blago\/tabule\/avtomobile.<\/p>\n\n<p>&#8221; Sen\u010dniki, de\u017eniki, \u0161otori za zabavo ali drugi nadstre\u0161ki morajo biti postavljeni v stabilnem polo\u017eaju. Organizator ne prevzema nobene odgovornosti za telesne po\u0161kodbe ali materialno \u0161kodo, ki bi nastala zaradi nedovoljene postavitve nadstre\u0161kov.  <\/p>\n\n<p>&#8221; Trgovski prodajalci rabljenega blaga morajo poobla\u0161\u010deni blagajni predlo\u017eiti kopijo trgovskega dovoljenja.<\/p>\n\n<p>&#8221; <strong>Odmetavanje smeti<\/strong> in pu\u0161\u010danje predmetov je strogo prepovedano in se kaznuje z zara\u010dunavanjem in pla\u010dilom najmanj 50 EUR.<\/p>\n\n<p>&#8221; Med tr\u017enim \u010dasom je vo\u017enja po razstavnem prostoru prepovedana.<\/p>\n\n<p>&#8221; Zakon o priponkah je treba dosledno upo\u0161tevati, v nasprotnem primeru boste takoj izklju\u010deni z bol\u0161jega sejma.<\/p>\n\n<p> <span style=\"font-size: inherit; background-color: var(--base-3); color: var(--contrast);\">&#8221; Dovozi do gara\u017e, prehodi in vhodi v hi\u0161e in zemlji\u0161\u010da,<\/span><\/p><p>Vrtovi na plo\u010dnikih morajo biti prosti po vsej \u0161irini.<span style=\"font-size: inherit; background-color: var(--base-3); color: var(--contrast);\">  <\/span>&#8221; Tr\u017ene stojnice so lahko postavljene le na razdalji najmanj 2,50 metra od fasade stavbe Cineplexx.<br\/>postanejo.<\/p> \u00bb Die Ausstellungsfl\u00e4che darf\u00a0 Samstag und Sonntag\u00a0ausschlie\u00dflich im angegebenen Zeitraum von\u00a0<strong>Privatpersonen<\/strong>\u00a0und nur zum Verkauf von\u00a0<strong>gebrauchten Waren<\/strong>\u00a0verwendet werden.\n\n<p><strong><mark style=\"background-color:rgba(0, 0, 0, 0)\" class=\"has-inline-color has-accent-color\">Na celotnem obmo\u010dju ne sme biti umazanije. Ne smete pustiti nobenega blaga ali smeti! Za skladnost je odgovoren posamezni razstavljavec. \u010ce zgoraj omenjeno premo\u017eenje ostane, ima organizator pravico, da na stro\u0161ke razstavljavca odstrani zapu\u0161\u010dene stvari!!!<\/mark><\/strong><\/p>\n\n<p><strong>Tisk:<\/strong><br\/>S sodelovanjem na bol\u0161jem sejmu se strinjate z objavo fotografij, slik in zvo\u010dnih posnetkov na\u0161ega dogodka na internetu, v tiskanih in televizijskih medijih, pri \u010demer zaradi tega ni mogo\u010de uveljavljati nobenih zahtevkov.<\/p>\n\n<p><strong>Jamstvo, garancija, vra\u010dilo:<\/strong><br\/>Blago, ki se ponuja na na\u0161ih bol\u0161jih trgih, je zasebna prodaja, ki poteka neposredno med prodajalcem in kupcem. Organizator z blagom nima ni\u010d skupnega in od prodaje ne zaslu\u017ei denarja. Glede na pravne dolo\u010dbe EU za zasebno prodajo vas obve\u0161\u010damo, da prodajalci ne prevzemajo nobenega jamstva. Prodaja poteka brez kakr\u0161ne koli garancije, jamstva ali vra\u010dila. Kupci se s tem strinjajo in to potrdijo s svojo ponudbo ali pla\u010dilom.<\/p>\n\n<p><strong>Zavrnitev odgovornosti:<\/strong><br\/>Organizator bol\u0161jega sejma in njegovi zaposleni ne prevzemajo nobene odgovornosti za materialno \u0161kodo, telesne po\u0161kodbe, tatvine ali prometne kazni. \u010ce dogovora med organizatorjem in razstavljavcem ni mogo\u010de izpolniti iz razloga, za katerega organizator ni odgovoren, npr. \u010de predmeta najema (dvorane ali stojnice) ni mogo\u010de dati na voljo zaradi vi\u0161je sile ali izredne nesre\u010de ali skraj\u0161anja ali spremembe \u010dasa in\/ali kraja dogodka, razstavljavec ni upravi\u010den do od\u0161kodninskih zahtevkov. Organizator ne prevzema nobene odgovornosti za dolo\u010dene lastnosti, dolo\u010den obseg ali dolo\u010deno primernost ali uporabnost predmeta najema niti za primernost in uporabnost za namene razstavljavca. Organizator ne prevzema nobene odgovornosti za tehni\u010dne napake in okvare v elektri\u010dnih, vodnih, ogrevalnih, hladilnih in kanalizacijskih sistemih ter za motnje v delovanju ali dogodke, ki vplivajo na dogodek. Vsaka odgovornost organizatorja do razstavljavca je omejena na namero in hudo malomarnost. Organizator ne prevzema nobene odgovornosti za telesne po\u0161kodbe ali materialno \u0161kodo, ki jo utrpi razstavljavec, njegovi sorodniki ali obiskovalci v prostorih, zlasti za predmete, ki jih v stavbo ali na obmo\u010dje vnese razstavljavec ali tretje osebe. To velja tudi, \u010de je \u0161koda nastala zaradi napak v najemodajal\u010devih zgradbah ali napravah, razen \u010de je za te napake odgovoren organizator zaradi lastne (namerne ali hude malomarnosti) krivde. Parkiri\u0161\u010de uporabljate na lastno odgovornost.<\/p>\n\n<h2 class=\"wp-block-heading\">Zakon o zna\u010dki<\/h2>\n\n<p><br\/>\u00a7 (1) Oznake, uniforme ali deli uniforme organizacije, ki je v Avstriji prepovedana, se ne smejo javno nositi, razstavljati, predstavljati ali raz\u0161irjati. Tudi emblemi, simboli in registrske tablice se \u0161tejejo za zna\u010dke.<\/p>\n\n<p>(2) Prepoved iz odstavka 2. 1 velja tudi za zna\u010dke, uniforme in dele uniform, ki se zaradi podobnosti ali o\u010ditnega namena lahko uporabljajo kot nadomestek za enega od predmetov iz odstavka 1. 1 uporabljajo se omenjene oznake, uniforme ali deli uniform.<\/p>\n\n<p>(3) medalje in odlikovanja, ki vklju\u010dujejo eno od kategorij, navedenih v odstavku. 1 ali odst. 2 ni dovoljeno nositi ali razkazovati v javnosti.<\/p>\n\n<p>\u00a7 (1) Prepovedi iz 1. \u010dlena ne veljajo za tiskana dela, slikovne upodobitve, uprizoritve odrskih in filmskih del ter razstave, na katerih eksponati iz 1. \u010dlena ne predstavljajo bistvenega dela razstave, razen \u010de se podpirajo ali \u0161irijo ideje prepovedane organizacije.<\/p>\n\n<p>(2) Prepovedi iz 1. \u010dlena ne veljajo za druge razstave, \u010de sta razstava in njen namen jasno usmerjena proti ideologiji zadevne prepovedane organizacije.<\/p>\n\n<p>\u00a7 (1) Kdor kr\u0161i prepoved iz 1. \u010dlena, stori upravni prekr\u0161ek in se kaznuje z denarno kaznijo do 4.000 evrov ali z odvzemom prostosti do enega meseca, in sicer na obmo\u010dju ob\u010dine, za katero je varnostni organ prve stopnje tudi de\u017eelna policijska uprava, s strani de\u017eelne policijske uprave. \u010ce prevladujejo ote\u017eevalne okoli\u0161\u010dine, se lahko vzporedno izre\u010dejo tudi denarne kazni in zaporne kazni.<\/p>\n\n<p>(2) Oznake, ki so predmet kaznivega dejanja v smislu \u010dlena 1, se razglasijo za zase\u017eene, \u010de je to mogo\u010de zaradi njihove narave.<\/p>\n\n<p>(3) Poskus je kazniv.<\/p>\n\n<p>\u00a7 4. \u010dlen Za izvajanje tega zveznega zakona je zadol\u017eeno Zvezno ministrstvo za notranje zadeve.<\/p>\n\n<p>\u00a7 5. \u00a7 3 odst. 1 v razli\u010dici zveznega zakona BGBI.I \u0161t. 50\/2012 za\u010dne veljati 1. septembra 2012.<\/p>\n","protected":false},"excerpt":{"rendered":"<p>Z vstopom na razstavni prostor najemnik sprejme vse pogoje naslednjega sporazuma. &#8221; Prodaja NOVEGA BLAGA je prepovedana. &#8221; Iz prodaje so izklju\u010deni hrana, oro\u017eje, no\u017ei, &#8230; <a title=\"Predpisi o bol\u0161jem trgu\" class=\"read-more\" href=\"https:\/\/flohmarktgraz.at\/sl\/predpisi-o-bolsjem-trgu\/\" aria-label=\"Read more about Predpisi o bol\u0161jem trgu\">\u27a0Weiterlesen<\/a><\/p>\n","protected":false},"author":1,"featured_media":0,"parent":0,"menu_order":0,"comment_status":"closed","ping_status":"closed","template":"","meta":{"footnotes":""},"class_list":["post-3290","page","type-page","status-publish"],"_links":{"self":[{"href":"https:\/\/flohmarktgraz.at\/sl\/wp-json\/wp\/v2\/pages\/3290","targetHints":{"allow":["GET"]}}],"collection":[{"href":"https:\/\/flohmarktgraz.at\/sl\/wp-json\/wp\/v2\/pages"}],"about":[{"href":"https:\/\/flohmarktgraz.at\/sl\/wp-json\/wp\/v2\/types\/page"}],"author":[{"embeddable":true,"href":"https:\/\/flohmarktgraz.at\/sl\/wp-json\/wp\/v2\/users\/1"}],"replies":[{"embeddable":true,"href":"https:\/\/flohmarktgraz.at\/sl\/wp-json\/wp\/v2\/comments?post=3290"}],"version-history":[{"count":0,"href":"https:\/\/flohmarktgraz.at\/sl\/wp-json\/wp\/v2\/pages\/3290\/revisions"}],"wp:attachment":[{"href":"https:\/\/flohmarktgraz.at\/sl\/wp-json\/wp\/v2\/media?parent=3290"}],"curies":[{"name":"wp","href":"https:\/\/api.w.org\/{rel}","templated":true}]}}