{"id":3280,"date":"2023-01-30T18:05:18","date_gmt":"2023-01-30T18:05:18","guid":{"rendered":"https:\/\/flohmarktgraz.at\/prigrizki-in-catering\/"},"modified":"2023-12-29T01:15:28","modified_gmt":"2023-12-29T01:15:28","slug":"prigrizki-in-catering","status":"publish","type":"page","link":"https:\/\/flohmarktgraz.at\/sl\/prigrizki-in-catering\/","title":{"rendered":"Prigrizki in catering"},"content":{"rendered":"\n<p>Vsak konec tedna ob SOBOTI, NEDELJI in praznikih od 06:00 do 13:00 smo vam na bol\u0161jem trgu Puntigam na voljo, da vas razvajamo z okusnimi dobrotami. Ponujali bomo hrustljave langa\u0161e, K\u00c4SEKRAINER, klobase, zrezke, kavo, pivo, pija\u010do in \u0161e veliko ve\u010d &#8211; veselimo se sre\u010danja z vami!<\/p>\n\n<div class=\"wp-block-columns alignwide is-layout-flex wp-container-core-columns-is-layout-9d6595d7 wp-block-columns-is-layout-flex\">\n<div class=\"wp-block-column is-layout-flow wp-block-column-is-layout-flow\" style=\"flex-basis:100%\"><\/div>\n<\/div>\n\n<figure class=\"wp-block-gallery has-nested-images columns-default is-cropped wp-block-gallery-1 is-layout-flex wp-block-gallery-is-layout-flex\">\n<figure class=\"wp-block-image size-large is-style-rounded\"><img loading=\"lazy\" decoding=\"async\" width=\"768\" height=\"1024\" data-id=\"2709\" src=\"https:\/\/flohmarktgraz.at\/wp-content\/uploads\/2022\/12\/Frische-langos-jeden-samstag-sonntag-flohmarkt-puntigam-graz-1-768x1024.jpg\" alt=\"\" class=\"wp-image-2709\" srcset=\"https:\/\/flohmarktgraz.at\/wp-content\/uploads\/2022\/12\/Frische-langos-jeden-samstag-sonntag-flohmarkt-puntigam-graz-1-768x1024.jpg 768w, https:\/\/flohmarktgraz.at\/wp-content\/uploads\/2022\/12\/Frische-langos-jeden-samstag-sonntag-flohmarkt-puntigam-graz-1-225x300.jpg 225w, https:\/\/flohmarktgraz.at\/wp-content\/uploads\/2022\/12\/Frische-langos-jeden-samstag-sonntag-flohmarkt-puntigam-graz-1-1152x1536.jpg 1152w, https:\/\/flohmarktgraz.at\/wp-content\/uploads\/2022\/12\/Frische-langos-jeden-samstag-sonntag-flohmarkt-puntigam-graz-1.jpg 1536w\" sizes=\"auto, (max-width: 768px) 100vw, 768px\" \/><\/figure>\n\n\n\n<figure class=\"wp-block-image size-large is-style-rounded\"><img loading=\"lazy\" decoding=\"async\" width=\"768\" height=\"1024\" data-id=\"2711\" src=\"https:\/\/flohmarktgraz.at\/wp-content\/uploads\/2022\/12\/herzhafte-Kaesekrainer-flohmart-puntigam-catering-baerlis-imbis-768x1024.jpg\" alt=\"\" class=\"wp-image-2711\" srcset=\"https:\/\/flohmarktgraz.at\/wp-content\/uploads\/2022\/12\/herzhafte-Kaesekrainer-flohmart-puntigam-catering-baerlis-imbis-768x1024.jpg 768w, https:\/\/flohmarktgraz.at\/wp-content\/uploads\/2022\/12\/herzhafte-Kaesekrainer-flohmart-puntigam-catering-baerlis-imbis-225x300.jpg 225w, https:\/\/flohmarktgraz.at\/wp-content\/uploads\/2022\/12\/herzhafte-Kaesekrainer-flohmart-puntigam-catering-baerlis-imbis-1152x1536.jpg 1152w, https:\/\/flohmarktgraz.at\/wp-content\/uploads\/2022\/12\/herzhafte-Kaesekrainer-flohmart-puntigam-catering-baerlis-imbis.jpg 1536w\" sizes=\"auto, (max-width: 768px) 100vw, 768px\" \/><\/figure>\n\n\n\n<figure class=\"wp-block-image size-large is-style-rounded\"><img loading=\"lazy\" decoding=\"async\" width=\"768\" height=\"1024\" data-id=\"2710\" src=\"https:\/\/flohmarktgraz.at\/wp-content\/uploads\/2022\/12\/Riesen-Langos-knuspig-graz-flohmarkt-catering-puntigam-1-768x1024.jpg\" alt=\"\" class=\"wp-image-2710\" srcset=\"https:\/\/flohmarktgraz.at\/wp-content\/uploads\/2022\/12\/Riesen-Langos-knuspig-graz-flohmarkt-catering-puntigam-1-768x1024.jpg 768w, https:\/\/flohmarktgraz.at\/wp-content\/uploads\/2022\/12\/Riesen-Langos-knuspig-graz-flohmarkt-catering-puntigam-1-225x300.jpg 225w, https:\/\/flohmarktgraz.at\/wp-content\/uploads\/2022\/12\/Riesen-Langos-knuspig-graz-flohmarkt-catering-puntigam-1-1152x1536.jpg 1152w, https:\/\/flohmarktgraz.at\/wp-content\/uploads\/2022\/12\/Riesen-Langos-knuspig-graz-flohmarkt-catering-puntigam-1.jpg 1536w\" sizes=\"auto, (max-width: 768px) 100vw, 768px\" \/><\/figure>\n\n\n\n<figure class=\"wp-block-image size-large is-style-rounded\"><img loading=\"lazy\" decoding=\"async\" width=\"1024\" height=\"598\" data-id=\"2759\" src=\"https:\/\/flohmarktgraz.at\/wp-content\/uploads\/2023\/01\/photo_2022-05-15_20-45-41-1024x598.jpg\" alt=\"\" class=\"wp-image-2759\" srcset=\"https:\/\/flohmarktgraz.at\/wp-content\/uploads\/2023\/01\/photo_2022-05-15_20-45-41-1024x598.jpg 1024w, https:\/\/flohmarktgraz.at\/wp-content\/uploads\/2023\/01\/photo_2022-05-15_20-45-41-300x175.jpg 300w, https:\/\/flohmarktgraz.at\/wp-content\/uploads\/2023\/01\/photo_2022-05-15_20-45-41-768x448.jpg 768w, https:\/\/flohmarktgraz.at\/wp-content\/uploads\/2023\/01\/photo_2022-05-15_20-45-41.jpg 1280w\" sizes=\"auto, (max-width: 1024px) 100vw, 1024px\" \/><figcaption class=\"wp-element-caption\">Hi\u0161ka za peko na \u017earu \/ catering Z veseljem sprejmemo povpra\u0161evanja od 50 oseb.  <br\/>Obi\u0161\u010dite na\u0161o doma\u010do stran in nas pokli\u010dite.<\/figcaption><\/figure>\n<figcaption class=\"blocks-gallery-caption wp-element-caption\"><a href=\"http:\/\/www.baerlis-grillhendl.at\" target=\"_blank\" rel=\"noreferrer noopener\">www.baerlis-grillhendl.at<\/a><\/figcaption><\/figure>\n","protected":false},"excerpt":{"rendered":"<p>Vsak konec tedna ob SOBOTI, NEDELJI in praznikih od 06:00 do 13:00 smo vam na bol\u0161jem trgu Puntigam na voljo, da vas razvajamo z okusnimi &#8230; <a title=\"Prigrizki in catering\" class=\"read-more\" href=\"https:\/\/flohmarktgraz.at\/sl\/prigrizki-in-catering\/\" aria-label=\"Read more about Prigrizki in catering\">\u27a0Weiterlesen<\/a><\/p>\n","protected":false},"author":1,"featured_media":3161,"parent":0,"menu_order":0,"comment_status":"closed","ping_status":"closed","template":"","meta":{"footnotes":""},"class_list":["post-3280","page","type-page","status-publish","has-post-thumbnail"],"_links":{"self":[{"href":"https:\/\/flohmarktgraz.at\/sl\/wp-json\/wp\/v2\/pages\/3280","targetHints":{"allow":["GET"]}}],"collection":[{"href":"https:\/\/flohmarktgraz.at\/sl\/wp-json\/wp\/v2\/pages"}],"about":[{"href":"https:\/\/flohmarktgraz.at\/sl\/wp-json\/wp\/v2\/types\/page"}],"author":[{"embeddable":true,"href":"https:\/\/flohmarktgraz.at\/sl\/wp-json\/wp\/v2\/users\/1"}],"replies":[{"embeddable":true,"href":"https:\/\/flohmarktgraz.at\/sl\/wp-json\/wp\/v2\/comments?post=3280"}],"version-history":[{"count":0,"href":"https:\/\/flohmarktgraz.at\/sl\/wp-json\/wp\/v2\/pages\/3280\/revisions"}],"wp:featuredmedia":[{"embeddable":true,"href":"https:\/\/flohmarktgraz.at\/sl\/wp-json\/wp\/v2\/media\/3161"}],"wp:attachment":[{"href":"https:\/\/flohmarktgraz.at\/sl\/wp-json\/wp\/v2\/media?parent=3280"}],"curies":[{"name":"wp","href":"https:\/\/api.w.org\/{rel}","templated":true}]}}