{"id":3274,"date":"2022-11-10T19:27:56","date_gmt":"2022-11-10T19:27:56","guid":{"rendered":"https:\/\/flohmarktgraz.at\/postanite-razstavljavec\/"},"modified":"2026-04-18T10:38:12","modified_gmt":"2026-04-18T10:38:12","slug":"postanite-razstavljavec","status":"publish","type":"page","link":"https:\/\/flohmarktgraz.at\/sl\/postanite-razstavljavec\/","title":{"rendered":"Postanite razstavljavec"},"content":{"rendered":"\n<div class=\"wp-block-group is-vertical is-layout-flex wp-container-core-group-is-layout-8cf370e7 wp-block-group-is-layout-flex\">\n<p>Imate na podstre\u0161ju ali v kleti \u0161e vedno dobro ohranjene predmete, ki jih ne potrebujete ve\u010d? Potem je <strong>bol\u0161ji sejem v Gradcu v Puntigamu v bli\u017eini Cineplexxa<\/strong> pravi kraj za vas! <\/p>\n\n\n\n<p>Preprosto postanite <strong>razstavljavec na bol\u0161jem sejmu v Gradcu<\/strong> in svoje rabljene zaklade prodajte neposredno zainteresiranim obiskovalcem. Naj gre za obla\u010dila, knjige, igra\u010de, gospodinjske predmete, zbirateljske predmete ali raritete &#8211; na bol\u0161jem sejmu lahko skoraj vse najde novega lastnika. <\/p>\n\n\n\n<p>Stvari, ki doma zavzemajo prostor, <strong>lahko preprosto<\/strong> spremenite v <strong>denar<\/strong>.<\/p>\n\n\n\n<p>Bol\u0161ji sejem ni le odli\u010den na\u010din za ustvarjanje prostora, temve\u010d tudi trajnostna oblika recikliranja.<\/p>\n\n\n\n<p><strong>Bol\u0161ji trg pomeni:<\/strong><br><strong>100-odstotno recikliranje &#8211; 100-odstotno varstvo okolja &#8211; in denar v gospodinjski denarnici.<\/strong><\/p>\n\n\n\n<p>Zasebniki, ki <strong>\u017eelijo prodati rabljeno blago<\/strong>, so vedno <strong>dobrodo\u0161li<\/strong>. Svojo stojnico lahko postavite in za\u010dnete takoj, brez zapletene registracije. <\/p>\n<\/div>\n\n\n\n<h2 class=\"wp-block-heading\">Lokacija stojnice in cene<\/h2>\n\n\n\n<div class=\"wp-block-group is-vertical is-layout-flex wp-container-core-group-is-layout-8cf370e7 wp-block-group-is-layout-flex\">\n<p><strong>Cena stojnice je le 15 \u20ac na stojnico na dan.<\/strong><\/p>\n\n\n\n<p>Eno stojalo je dolgo <strong>3 metre, vklju\u010dno z avtomobilom<\/strong>.<br>\u010ce potrebujete ve\u010d prostora, lahko preprosto dodate \u0161e eno stojalo.<\/p>\n\n\n\n<div class=\"wp-block-group is-vertical is-layout-flex wp-container-core-group-is-layout-8cf370e7 wp-block-group-is-layout-flex\">\n<p>Dodatne informacije:<\/p>\n\n\n\n<ul class=\"wp-block-list\">\n<li><strong>Stojalo za obla\u010dila<\/strong>: 1,50 \u20ac na kos<\/li>\n\n\n\n<li><strong>Avto s prikolico<\/strong>: potrebna sta vsaj 2 parkirni mesti<\/li>\n\n\n\n<li><strong>Avtobusi<\/strong>: potrebna sta vsaj 2 parkirni mesti<\/li>\n<\/ul>\n<\/div>\n<\/div>\n\n\n\n<hr class=\"wp-block-separator has-alpha-channel-opacity\">\n\n\n\n<style>\n.fmg-preisboxen{\n  --fmg-bg:#ffffff;\n  --fmg-card:#ffffff;\n  --fmg-text:#1f2937;\n  --fmg-muted:#6b7280;\n  --fmg-line:#e5e7eb;\n  --fmg-soft:#f8fafc;\n  --fmg-accent:#111827;\n  --fmg-radius:18px;\n  --fmg-shadow:0 10px 30px rgba(0,0,0,0.06);\n  --fmg-shadow-hover:0 14px 36px rgba(0,0,0,0.09);\n\n  background:var(--fmg-bg);\n  color:var(--fmg-text);\n  font-family:inherit;\n  line-height:1.55;\n}\n\n.fmg-preisboxen *{\n  box-sizing:border-box;\n}\n\n.fmg-preisboxen__intro{\n  margin:0 0 28px 0;\n}\n\n.fmg-preisboxen__title{\n  margin:0 0 10px 0;\n  font-size:clamp(30px,4vw,44px);\n  line-height:1.08;\n  font-weight:700;\n  color:var(--fmg-accent);\n}\n\n.fmg-preisboxen__text{\n  margin:0;\n  max-width:900px;\n  font-size:17px;\n  color:var(--fmg-muted);\n}\n\n.fmg-preisboxen__grid{\n  display:grid;\n  grid-template-columns:repeat(3,minmax(0,1fr));\n  gap:22px;\n  margin:0 0 22px 0;\n}\n\n.fmg-preisboxen__grid--extras{\n  grid-template-columns:repeat(2,minmax(0,1fr));\n}\n\n.fmg-preisbox{\n  background:var(--fmg-card);\n  border:1px solid var(--fmg-line);\n  border-radius:var(--fmg-radius);\n  box-shadow:var(--fmg-shadow);\n  overflow:hidden;\n  transition:transform .18s ease, box-shadow .18s ease;\n}\n\n.fmg-preisbox:hover{\n  transform:translateY(-2px);\n  box-shadow:var(--fmg-shadow-hover);\n}\n\n.fmg-preisbox__head{\n  padding:20px 22px 16px 22px;\n  border-bottom:1px solid var(--fmg-line);\n  background:linear-gradient(180deg,#ffffff 0%, #fafafa 100%);\n}\n\n.fmg-preisbox__kategorie{\n  margin:0;\n  font-size:21px;\n  font-weight:700;\n  color:var(--fmg-accent);\n}\n\n.fmg-preisbox__sub{\n  margin:6px 0 0 0;\n  font-size:14px;\n  color:var(--fmg-muted);\n}\n\n.fmg-preisbox__body{\n  padding:10px 22px 18px 22px;\n}\n\n.fmg-preisbox__row{\n  display:flex;\n  justify-content:space-between;\n  align-items:flex-start;\n  gap:16px;\n  padding:14px 0;\n  border-bottom:1px solid var(--fmg-line);\n}\n\n.fmg-preisbox__row:last-child{\n  border-bottom:none;\n}\n\n.fmg-preisbox__label{\n  min-width:0;\n}\n\n.fmg-preisbox__title-small{\n  display:block;\n  font-size:16px;\n  font-weight:600;\n  color:var(--fmg-text);\n}\n\n.fmg-preisbox__hint{\n  display:block;\n  margin-top:3px;\n  font-size:13px;\n  color:var(--fmg-muted);\n}\n\n.fmg-preisbox__price{\n  flex:0 0 auto;\n  white-space:nowrap;\n  font-size:22px;\n  line-height:1;\n  font-weight:700;\n  color:var(--fmg-accent);\n}\n\n.fmg-preisboxen__section-title{\n  margin:28px 0 14px 0;\n  font-size:14px;\n  font-weight:700;\n  letter-spacing:.08em;\n  text-transform:uppercase;\n  color:var(--fmg-muted);\n}\n\n.fmg-preisbox--highlight{\n  border-color:#d1d5db;\n  background:linear-gradient(180deg,#ffffff 0%, #f9fafb 100%);\n}\n\n.fmg-preisboxen__footer{\n  margin-top:10px;\n  padding:16px 18px;\n  border:1px solid var(--fmg-line);\n  border-radius:14px;\n  background:var(--fmg-soft);\n  font-size:14px;\n  color:var(--fmg-muted);\n}\n\n@media (max-width:1024px){\n  .fmg-preisboxen__grid{\n    grid-template-columns:1fr;\n  }\n\n  .fmg-preisboxen__grid--extras{\n    grid-template-columns:1fr;\n  }\n}\n<\/style>\n\n<div class=\"fmg-preisboxen\">\n  <div class=\"fmg-preisboxen__intro\">\n    <h2 class=\"fmg-preisboxen__title\">Cene stojnic za razstavljavce<\/h2>\n    <p class=\"fmg-preisboxen__text\">\n  Prostor za stojnico zna\u0161a 3 metre, vklju\u010dno z avtomobilom. \u010ce potrebujete ve\u010d kot 3 metre, je treba na spletni strani\n pla\u010dati dodaten prostor za stojnico. Za avtobuse in avtomobile s prikolicami sta\n potrebni vsaj 2 parkirni mesti.  \n    <\/p>\n  <\/div>\n\n  <div class=\"fmg-preisboxen__grid\">\n    <div class=\"fmg-preisbox fmg-preisbox--highlight\">\n      <div class=\"fmg-preisbox__head\">\n        <h3 class=\"fmg-preisbox__kategorie\">PASA\u017dERSKI AVTOMOBIL<\/h3>\n        <p class=\"fmg-preisbox__sub\">Stojalo glede na zahtevano dol\u017eino<\/p>\n      <\/div>\n      <div class=\"fmg-preisbox__body\">\n        <div class=\"fmg-preisbox__row\">\n          <div class=\"fmg-preisbox__label\">\n            <span class=\"fmg-preisbox__title-small\">do 3 metre<\/span>\n            <span class=\"fmg-preisbox__hint\">1 stojalo<\/span>\n          <\/div>\n          <div class=\"fmg-preisbox__price\">\u20ac 15,00<\/div>\n        <\/div>\n        <div class=\"fmg-preisbox__row\">\n          <div class=\"fmg-preisbox__label\">\n            <span class=\"fmg-preisbox__title-small\">do 6 metrov<\/span>\n            <span class=\"fmg-preisbox__hint\">2 stojala<\/span>\n          <\/div>\n          <div class=\"fmg-preisbox__price\">\u20ac 30,00<\/div>\n        <\/div>\n        <div class=\"fmg-preisbox__row\">\n          <div class=\"fmg-preisbox__label\">\n            <span class=\"fmg-preisbox__title-small\">do 9 metrov<\/span>\n            <span class=\"fmg-preisbox__hint\">3 stojala<\/span>\n          <\/div>\n          <div class=\"fmg-preisbox__price\">\u20ac 45,00<\/div>\n        <\/div>\n      <\/div>\n    <\/div>\n\n    <div class=\"fmg-preisbox\">\n      <div class=\"fmg-preisbox__head\">\n        <h3 class=\"fmg-preisbox__kategorie\">Avtobusi<\/h3>\n        <p class=\"fmg-preisbox__sub\">Potrebna sta vsaj 2 stojali<\/p>\n      <\/div>\n      <div class=\"fmg-preisbox__body\">\n        <div class=\"fmg-preisbox__row\">\n          <div class=\"fmg-preisbox__label\">\n            <span class=\"fmg-preisbox__title-small\">do 6 metrov<\/span>\n            <span class=\"fmg-preisbox__hint\">vsaj 2 stojali<\/span>\n          <\/div>\n          <div class=\"fmg-preisbox__price\">\u20ac 30,00<\/div>\n        <\/div>\n        <div class=\"fmg-preisbox__row\">\n          <div class=\"fmg-preisbox__label\">\n            <span class=\"fmg-preisbox__title-small\">do 9 metrov<\/span>\n            <span class=\"fmg-preisbox__hint\">vsaj 2 stojali<\/span>\n          <\/div>\n          <div class=\"fmg-preisbox__price\">\u20ac 45,00<\/div>\n        <\/div>\n      <\/div>\n    <\/div>\n\n    <div class=\"fmg-preisbox\">\n      <div class=\"fmg-preisbox__head\">\n        <h3 class=\"fmg-preisbox__kategorie\">Avto + prikolica<\/h3>\n        <p class=\"fmg-preisbox__sub\">Potrebna sta vsaj 2 stojali<\/p>\n      <\/div>\n      <div class=\"fmg-preisbox__body\">\n        <div class=\"fmg-preisbox__row\">\n          <div class=\"fmg-preisbox__label\">\n            <span class=\"fmg-preisbox__title-small\">do 6 metrov<\/span>\n            <span class=\"fmg-preisbox__hint\">vsaj 2 stojali<\/span>\n          <\/div>\n          <div class=\"fmg-preisbox__price\">\u20ac 30,00<\/div>\n        <\/div>\n        <div class=\"fmg-preisbox__row\">\n          <div class=\"fmg-preisbox__label\">\n            <span class=\"fmg-preisbox__title-small\">do 9 metrov<\/span>\n            <span class=\"fmg-preisbox__hint\">vsaj 2 stojali<\/span>\n          <\/div>\n          <div class=\"fmg-preisbox__price\">\u20ac 45,00<\/div>\n        <\/div>\n      <\/div>\n    <\/div>\n  <\/div>\n\n  <div class=\"fmg-preisboxen__section-title\">Dodatni stro\u0161ki, \u010de so potrebni<\/div>\n\n  <div class=\"fmg-preisboxen__grid fmg-preisboxen__grid--extras\">\n    <div class=\"fmg-preisbox\">\n      <div class=\"fmg-preisbox__head\">\n        <h3 class=\"fmg-preisbox__kategorie\">Stojalo za obla\u010dila<\/h3>\n        <p class=\"fmg-preisbox__sub\">Poleg stojala<\/p>\n      <\/div>\n      <div class=\"fmg-preisbox__body\">\n        <div class=\"fmg-preisbox__row\">\n          <div class=\"fmg-preisbox__label\">\n            <span class=\"fmg-preisbox__title-small\">na stojalo za obla\u010dila<\/span>\n            <span class=\"fmg-preisbox__hint\">se zara\u010duna dodatno.<\/span>\n          <\/div>\n          <div class=\"fmg-preisbox__price\">\u20ac 1,50<\/div>\n        <\/div>\n      <\/div>\n    <\/div>\n\n    <div class=\"fmg-preisbox\">\n      <div class=\"fmg-preisbox__head\">\n        <h3 class=\"fmg-preisbox__kategorie\">Nadaljnje obmo\u010dje<\/h3>\n        <p class=\"fmg-preisbox__sub\">Dodatne potrebe po prostoru<\/p>\n      <\/div>\n      <div class=\"fmg-preisbox__body\">\n        <div class=\"fmg-preisbox__row\">\n          <div class=\"fmg-preisbox__label\">\n            <span class=\"fmg-preisbox__title-small\">vsak dodatni teko\u010di meter<\/span>\n            <span class=\"fmg-preisbox__hint\">se dodatno zara\u010duna.<\/span>\n          <\/div>\n          <div class=\"fmg-preisbox__price\">\u20ac 5,00<\/div>\n        <\/div>\n      <\/div>\n    <\/div>\n  <\/div>\n\n  <div class=\"fmg-preisboxen__footer\">\n  Vse cene veljajo za parcelo in dan. Organizator si pridr\u017euje pravico do sprememb in organizacijskih specifikacij. \n  <\/div>\n<\/div>\n\n\n\n<p>Vse cene vklju\u010dujejo 20 % DDV. Vozilo vsakega razstavljavca je lahko parkirano neposredno pri njegovi stojnici. <\/p>\n\n\n\n<h1 class=\"wp-block-heading\">Pogosta vpra\u0161anja &#8211; Bol\u0161ji trg Gradec Cineplexx<\/h1>\n\n\n<div id=\"rank-math-faq\" class=\"rank-math-block\">\n<div class=\"rank-math-list \">\n<div id=\"faq-question-658ee10154846\" class=\"rank-math-list-item\">\n<h3 class=\"rank-math-question \"><strong>Wann findet der Flohmarkt statt?<\/strong><\/h3>\n<div class=\"rank-math-answer \">\n\n<p>Der Flohmarkt Graz am Cineplexx Parkplatz findet <strong>ganzj\u00e4hrig, bei jedem Wetter, jeden Samstag &amp; Sonntag<\/strong> <strong>&amp; an ausgeschriebenen Feiertagen<\/strong> statt.<\/p>\n\n<\/div>\n<\/div>\n<div id=\"faq-question-1773328206410\" class=\"rank-math-list-item\">\n<h3 class=\"rank-math-question \">Wann hat der Flohmarkt Graz beim Cineplexx ge\u00f6ffnet?<\/h3>\n<div class=\"rank-math-answer \">\n\n<p>Der Flohmarkt Graz beim Cineplexx Puntigam ist ganzj\u00e4hrig von 06:00 bis 13:00 Uhr ge\u00f6ffnet. Der Flohmarkt findet jeden Samstag, Sonntag und an Feiertagen statt \u2013 bei jedem Wetter.<\/p>\n\n<\/div>\n<\/div>\n<div id=\"faq-question-658ee10154849\" class=\"rank-math-list-item\">\n<h3 class=\"rank-math-question \">K<strong>ann man spontan als Aussteller teilnehmen oder muss man reservieren?<\/strong><\/h3>\n<div class=\"rank-math-answer \">\n\n<p>Reservierungen nehmen wir keine entgegen. Einfach in der fr\u00fch bis sp\u00e4testens 06:00 vorbeikommen. Die Standpl\u00e4tze werden je nach zeitlichem Eintreffen der Aussteller vergeben und von unseren Parkplatzeinweisern zugeteilt. Im Herbst und im Fr\u00fchjahr kann es vorkommen, dass man etwas fr\u00fcher (05:00) vor Ort sein sollte um noch einen Platz zu bekommen.<\/p>\n\n<\/div>\n<\/div>\n<div id=\"faq-question-658ee1015484a\" class=\"rank-math-list-item\">\n<h3 class=\"rank-math-question \"><strong>Zahlung:<\/strong><\/h3>\n<div class=\"rank-math-answer \">\n\n<p>Die Bezahlung der Standgeb\u00fchr erfolgt auschlie\u00dflich in Bar. Wir akzeptieren keine Kreditkarten oder Bankomatzahlungen. Eine Bank befindet sich in umittelbarer N\u00e4he. (Hinter dem Eissalon Temmel)<\/p>\n\n<\/div>\n<\/div>\n<div id=\"faq-question-658ee1015484b\" class=\"rank-math-list-item\">\n<h3 class=\"rank-math-question \">Wann sind die Auf- und Abbauzeiten f\u00fcr Aussteller?<\/h3>\n<div class=\"rank-math-answer \">\n\n<p>Aufbau ist von 05:00 bis 07:00 . Bitte beachten Sie, dass es ab 07:00 nicht gestattet ist, mit dem Auto die Ausstellungsfl\u00e4che zu befahren!<br \/><strong>Standabbau<\/strong> ist zwischen 12:00-13:00<strong> <\/strong>. <strong>Verlassen des Standplatzes<\/strong> ist bis sp\u00e4testens <strong>13:30<\/strong>! Der Standplatz ist ausnahmslos in sauberen und ordnungsgem\u00e4\u00dfen Zustand zu hinterlassen. M\u00fcll oder nicht verkaufte Ware m\u00fcssen unbedingt wieder mitgenommen und selbst entsorgt werden. Bei Missachtung muss hier mit hohen Strafen gerechnet werden.<\/p>\n\n<\/div>\n<\/div>\n<div id=\"faq-question-658ee1015484c\" class=\"rank-math-list-item\">\n<h3 class=\"rank-math-question \">Wann oder wo muss ich bezahlen?<\/h3>\n<div class=\"rank-math-answer \">\n\n<p>Nach der Aufbauphase kommt ein Mitarbeiter um die Standgeb\u00fchr zu kassieren.<\/p>\n\n<\/div>\n<\/div>\n<div id=\"faq-question-658ee1015484d\" class=\"rank-math-list-item\">\n<h3 class=\"rank-math-question \"><strong>Kann ich mir einen Standplatz <\/strong>reservieren oder aussuchen?<\/h3>\n<div class=\"rank-math-answer \">\n\n<p>Reservierungen werden nicht entgegen genommen. Die Standpl\u00e4tze werden vom Veranstalter nach Eintreffen der Aussteller zugewiesen. Bitte beachten Sie ausnahmslos die Anweisungen der Mitarbeiter. Bei Missachtung kann es zu einem Platzverweis kommen.<\/p>\n\n<\/div>\n<\/div>\n<div id=\"faq-question-658ee1015484e\" class=\"rank-math-list-item\">\n<h3 class=\"rank-math-question \"><strong>Kann ich mein Auto am Standplatz parken?<\/strong><\/h3>\n<div class=\"rank-math-answer \">\n\n<p>Ja, das Auto kann am Standplatz geparkt werden. Ein Standplatz wird Ihnen zugewiesen. Beachten Sie die Anweisungen der Parkplatzeinweiser. Die PKW Einfahrt ist offen ab 05:00 fr\u00fch. <\/p>\n\n<\/div>\n<\/div>\n<div id=\"faq-question-658ee1015484f\" class=\"rank-math-list-item\">\n<h3 class=\"rank-math-question \"><strong>Werden Tische zur Verf\u00fcgung gestellt? Ich habe keinen Tisch zum Aufstellen.<\/strong><\/h3>\n<div class=\"rank-math-answer \">\n\n<p>Nein, es gibt keine Tische vor Ort. Bitte bringen Sie Tische, Sessel, Kleiderst\u00e4nder, Decke, Spiegel etc. selbst mit, um Ihren Standplatz aufzubauen. Wir stellen nur die Bodenfl\u00e4che zur Verf\u00fcgung. Wir weisen Ihnen eine Standfl\u00e4che zu. Wenn Sie keinen Tisch haben, k\u00f6nnen Sie eine Decke oder Abdeckplane am Boden auflegen. Statt dem Tisch k\u00f6nnen Sie mehrere Kleiderstangen aufstellen oder Bananenschachteln umdrehen als kleine Ablagefl\u00e4che.<\/p>\n\n<\/div>\n<\/div>\n<div id=\"faq-question-658ee10154850\" class=\"rank-math-list-item\">\n<h3 class=\"rank-math-question \"><strong>Was passiert bei Schlechtwetter?<\/strong><\/h3>\n<div class=\"rank-math-answer \">\n\n<p>Bei Schlechtwetter findet der Flohmarkt in der Garage des Cineplexx statt. Bitte beachten Sie, dass wir hier r\u00e4umlich begrenzt sind und Sie rechtzeitig (05:30) da sein m\u00fcssen um einen Platz zu bekommen. <\/p>\n\n<\/div>\n<\/div>\n<div id=\"faq-question-658ee10154853\" class=\"rank-math-list-item\">\n<h3 class=\"rank-math-question \"><strong>Wohin entsorgen Aussteller den Restm\u00fcll, Kartons und Altpapier?<\/strong><\/h3>\n<div class=\"rank-math-answer \">\n\n<p>Jeglicher M\u00fcll muss von den Ausstellern wieder mit nachhause genommen werden! Insbesondere Kartonschachteln, Plastiks\u00e4cke und kaputte Gegenst\u00e4nde k\u00f6nnen NICHT vom Veranstalter entsorgt werden und d\u00fcrfen NICHT am Gel\u00e4nde zur\u00fcckgelassen werden. Sollte jemand seinen M\u00fcll am Gel\u00e4nde hinterlassen, muss mit einer Anzeige und einem Platzverweis gerechnet werden.<\/p>\n\n<\/div>\n<\/div>\n<div id=\"faq-question-658ee10154854\" class=\"rank-math-list-item\">\n<h3 class=\"rank-math-question \"><strong>Flohmarkt im Freien<\/strong><\/h3>\n<div class=\"rank-math-answer \">\n\n<p>Bei Sch\u00f6nwetter findet unser Flohmarkt im Freien, am Parkplatz des Cineplexx Graz statt. Es gibt mobile WCs und der Imbissstand vor Ort verw\u00f6hnt euch mit Leckereien wie LANGOS, K\u00c4SEKRAINER, BRATWUST, SCHNITZELSEMMEL, KAFFEE, GETR\u00c4NKE UVM.<\/p>\n\n<\/div>\n<\/div>\n<div id=\"faq-question-658ee10154855\" class=\"rank-math-list-item\">\n<h3 class=\"rank-math-question \">Wer darf am Flohmarkt Graz ausstellen?<\/h3>\n<div class=\"rank-math-answer \">\n\n<p>Jede Privatperson oder Gewerblicher Aussteller von Gebrauchtwaren, d\u00fcrfen bei uns Aussteller werden. <\/p>\n\n<\/div>\n<\/div>\n<div id=\"faq-question-658ee10154856\" class=\"rank-math-list-item\">\n<h3 class=\"rank-math-question \"><strong>Versorgung &#8211; Imbissstand:<\/strong><\/h3>\n<div class=\"rank-math-answer \">\n\n<p>Es gibt eine kleine aber feine Auswahl an Speisen und Getr\u00e4nken (auch vegetarisch).<\/p>\n\n<\/div>\n<\/div>\n<\/div>\n<\/div>\n\n\n<h2 class=\"wp-block-heading has-text-align-center\">Predpisi o bol\u0161jem trgu  <\/h2>\n\n\n\n<p><strong>Z vstopom v razstavi\u0161\u010de razstavljavec sprejme vse pogoje iz naslednjega sporazuma.<\/strong> <\/p>\n\n\n\n<p>&#8211; Prodaja <strong>NOVEGA BLAGA<\/strong> je prepovedana.<\/p>\n\n\n\n<p>&#8211; <strong><mark style=\"background-color:#f3db22\" class=\"has-inline-color\">Iz prodaje so izklju\u010deni hrana, oro\u017eje, no\u017ei, pornografski izdelki, piratske kopije (glasba in film), ponaredki vseh vrst, vnetljivo blago, eksplozivi, blago, ki je nevarno za ljudi, \u017eivali, blago, ki je nevarno za vodo (npr. baterije, barve, olja, kemikalije itd.), \u017eivila in luksuzna \u017eivila, pija\u010de, cigarete, voja\u0161ki material. Bojna oprema, blago s svastiko ali simboli nacisti\u010dne dobe in\/ali drugih prepovedanih organizacij, blago sumljivega izvora (ukradeno ali tihotapljeno blago), trta, makova slama in posteljno perje. Vse igre na sre\u010do so prepovedane.  <\/mark><\/strong><\/p>\n\n\n\n<p>&#8211; Prodaja blaga je namenjena izklju\u010dno na obmo\u010dju rasti\u0161\u010da. <\/p>\n\n\n\n<p>&#8211; Razstavljavci imajo dostop do mobilnih&nbsp;Na voljo so tudi <strong>sanitarije<\/strong>. Na njih ne sme biti umazanije. <\/p>\n\n\n\n<p><strong>&#8211; Podnajem s<\/strong> strani razstavljavca ni dovoljen. <\/p>\n\n\n\n<p>&#8211; Poskrbeti je treba, da se prepre\u010di <strong>motenje<\/strong> (hrup itd.) sosedov, obiskovalcev ali drugih razstavljavcev.<\/p>\n\n\n\n<p>&#8211; V prostorih&nbsp;<strong>StVo<\/strong>. Vsak &nbsp;<strong>Odgovornost<\/strong> organizatorja za \u0161kodo na blagu, vozilih in osebah je izklju\u010dena. Razstavljavec je odgovoren za vso \u0161kodo, ki nastane v \u010dasu najema.<\/p>\n\n\n\n<p>&#8211; Hrup motorja mora biti \u010dim manj\u0161i.<\/p>\n\n\n\n<p>&#8211; Navodila <strong>nadzornikov<\/strong> je treba upo\u0161tevati brez izjeme.<\/p>\n\n\n\n<p><strong>&#8211; Vra\u010dilo razstavne pristojbine <\/strong>je izklju\u010deno.<\/p>\n\n\n\n<p>&#8211; Razstavljavec je lahko odstranjen s sejmi\u0161\u010da, \u010de ne upo\u0161teva enega ali ve\u010d pogodbenih pogojev.<\/p>\n\n\n\n<p>&#8211; Upravljavec mora sprejeti izre\u010deno<strong>&#8220;prepoved lokacije<\/strong>&#8221; (\u010de je ne sprejme, bo vlo\u017eena civilna to\u017eba). Vse nastale stro\u0161ke bomo prenesli na vas.<\/p>\n\n\n\n<p><strong>&#8211; Psi<\/strong> na povodcu + vre\u010dka za iztrebke.<\/p>\n\n\n\n<p>&#8211; Star\u0161i so odgovorni za svoje <strong>otroke.<\/strong><\/p>\n\n\n\n<p>&#8211; Navzgor ali navzdol Razstavljeno blago in predmeti, ki jih prinesete s seboj, so na lastno odgovornost.<\/p>\n\n\n\n<p>&#8211; Pri postavitvi stojnice je treba poskrbeti, da je na spletni strani<br>za vozila za nujne primere vseh vrst zagotovljena prosta prehodna \u0161irina najmanj 3,5 metra.<\/p>\n\n\n\n<p>&#8211; Zaradi varnosti mimoido\u010dih v \u010dasu tr\u017enega \u010dasa na obmo\u010dje tr\u017enice ni dovoljeno voziti z motornimi vozili<br>.<\/p>\n\n\n\n<p>&#8211; Uporaba uteko\u010dinjenega naftnega plina je prepovedana.<\/p>\n\n\n\n<p>&#8211; Varnostna oprema (ventili za zapiranje plina, nadzemni ali podzemni hidranti in &#8220;taktilni sistemi za vodenje<br>&#8221; (smernice za slepe) ne smejo biti ovirani z nadgradnjami ali vozili.<\/p>\n\n\n\n<p>&#8211; Organizator ne odgovarja za razstavljav\u010devo blago\/tabule\/avtomobile.<\/p>\n\n\n\n<p>&#8211; Sen\u010dniki, de\u017eniki, \u0161otori za zabavo ali drugi nadstre\u0161ki morajo biti postavljeni v stabilnem polo\u017eaju. Organizator ne prevzema nobene odgovornosti za telesne po\u0161kodbe ali materialno \u0161kodo, ki bi nastala zaradi nedovoljene postavitve nadstre\u0161kov.&nbsp;<\/p>\n\n\n\n<p><strong>&#8211; Odmetavanje odpadkov<\/strong> in pu\u0161\u010danje predmetov je strogo prepovedano in se kaznuje z zara\u010dunavanjem in pla\u010dilom najmanj 50 EUR.<\/p>\n\n\n\n<p>&#8211; Med tr\u017enim \u010dasom je vo\u017enja po razstavnem prostoru prepovedana.<\/p>\n\n\n\n<p>&#8211; Zakon o priponkah je treba strogo upo\u0161tevati, v nasprotnem primeru boste takoj izklju\u010deni z bol\u0161jega sejma.<\/p>\n\n\n\n<p>&#8211; Dostopi do gara\u017e, prehodi in vhodi v hi\u0161e, zemlji\u0161\u010da,<br>Schanig\u00e4rten morajo biti po vsej \u0161irini prosti.<\/p>\n\n\n\n<p>&#8211; Tr\u017ene stojnice so lahko postavljene le na razdalji najmanj 2,50 metra od fasade stavbe Cineplexx.<\/p>\n\n\n\n<p>&#8211; Razstavni prostor lahko v soboto in nedeljo uporabljajo le <strong>zasebniki<\/strong> in le za prodajo <strong>rabljenega blaga<\/strong> v dolo\u010denem obdobju.<\/p>\n\n\n\n<p><strong><mark style=\"background-color:rgba(0, 0, 0, 0)\" class=\"has-inline-color has-accent-color\">Na celotnem obmo\u010dju ne sme biti umazanije. Ne smete pustiti nobenega blaga ali smeti! Za skladnost je odgovoren posamezni razstavljavec. \u010ce zgoraj omenjena lastnina ostane za razstavljavcem, ima organizator pravico, da zapu\u0161\u010deno blago odstrani na stro\u0161ke razstavljavca!!! <\/mark><\/strong><\/p>\n\n\n\n<p><strong>Mediji:<\/strong><br>S sodelovanjem na bol\u0161jem sejmu se strinjate z objavo fotografij, slik in zvo\u010dnih posnetkov na\u0161ega dogodka na internetu, v tiskanih in televizijskih medijih in zaradi tega ne morete uveljavljati nobenih zahtevkov.<\/p>\n\n\n\n<p><strong>Jamstvo, garancija, vra\u010dilo:<\/strong><br>Blago na na\u0161em bol\u0161jem trgu je zasebna prodaja, ki poteka neposredno med prodajalcem in kupcem. Organizator z blagom nima ni\u010d skupnega in od prodaje ne zaslu\u017ei ni\u010desar. Glede na pravne dolo\u010dbe EU za zasebno prodajo vas obve\u0161\u010damo, da prodajalci ne prevzemajo nobenega jamstva. Prodaja poteka brez kakr\u0161ne koli garancije, jamstva ali vra\u010dila. Kupci se s tem strinjajo in to potrdijo s svojo ponudbo ali pla\u010dilom.<\/p>\n\n\n\n<p><strong>Izjava o omejitvi odgovornosti:<\/strong><br>Organizator bol\u0161jega sejma in njegovi zaposleni ne prevzemajo nobene odgovornosti za materialno \u0161kodo, telesne po\u0161kodbe, tatvine ali prometne kazni. \u010ce dogovora med organizatorjem in razstavljavcem ni mogo\u010de izpolniti iz razloga, za katerega organizator ni odgovoren, npr. \u010de predmeta najema (dvorane ali stojnice) ni mogo\u010de dati na voljo zaradi vi\u0161je sile ali izredne nesre\u010de ali skraj\u0161anja ali spremembe \u010dasa in\/ali kraja dogodka, razstavljavec ni upravi\u010den do od\u0161kodninskih zahtevkov. Organizator ne prevzema nobene odgovornosti za dolo\u010dene lastnosti, dolo\u010den obseg ali dolo\u010deno primernost ali uporabnost predmeta najema niti za primernost in uporabnost za namene razstavljavca. Organizator ne prevzema nobene odgovornosti za tehni\u010dne napake in okvare v elektri\u010dnih, vodnih, ogrevalnih, hladilnih in kanalizacijskih sistemih ter za motnje v delovanju ali dogodke, ki vplivajo na dogodek. Vsaka odgovornost organizatorja do razstavljavca je omejena na namero in hudo malomarnost. Organizator ne prevzema nobene odgovornosti za telesne po\u0161kodbe ali materialno \u0161kodo, ki jo utrpi razstavljavec, njegovi sorodniki ali obiskovalci v prostorih, zlasti za predmete, ki jih v stavbo ali na obmo\u010dje vnese razstavljavec ali tretje osebe. To velja tudi, \u010de je \u0161koda nastala zaradi napak v najemodajal\u010devih zgradbah ali napravah, razen \u010de je za te napake odgovoren organizator zaradi lastne (namerne ali hude malomarnosti) krivde. Parkiri\u0161\u010de uporabljate na lastno odgovornost.<\/p>\n","protected":false},"excerpt":{"rendered":"<p>Imate na podstre\u0161ju ali v kleti \u0161e vedno dobro ohranjene predmete, ki jih ne potrebujete ve\u010d? Potem je bol\u0161ji sejem v Gradcu v Puntigamu v &#8230; <a title=\"Postanite razstavljavec\" class=\"read-more\" href=\"https:\/\/flohmarktgraz.at\/sl\/postanite-razstavljavec\/\" aria-label=\"Read more about Postanite razstavljavec\">\u27a0Weiterlesen<\/a><\/p>\n","protected":false},"author":1,"featured_media":3796,"parent":0,"menu_order":0,"comment_status":"closed","ping_status":"closed","template":"","meta":{"footnotes":""},"class_list":["post-3274","page","type-page","status-publish","has-post-thumbnail"],"_links":{"self":[{"href":"https:\/\/flohmarktgraz.at\/sl\/wp-json\/wp\/v2\/pages\/3274","targetHints":{"allow":["GET"]}}],"collection":[{"href":"https:\/\/flohmarktgraz.at\/sl\/wp-json\/wp\/v2\/pages"}],"about":[{"href":"https:\/\/flohmarktgraz.at\/sl\/wp-json\/wp\/v2\/types\/page"}],"author":[{"embeddable":true,"href":"https:\/\/flohmarktgraz.at\/sl\/wp-json\/wp\/v2\/users\/1"}],"replies":[{"embeddable":true,"href":"https:\/\/flohmarktgraz.at\/sl\/wp-json\/wp\/v2\/comments?post=3274"}],"version-history":[{"count":0,"href":"https:\/\/flohmarktgraz.at\/sl\/wp-json\/wp\/v2\/pages\/3274\/revisions"}],"wp:featuredmedia":[{"embeddable":true,"href":"https:\/\/flohmarktgraz.at\/sl\/wp-json\/wp\/v2\/media\/3796"}],"wp:attachment":[{"href":"https:\/\/flohmarktgraz.at\/sl\/wp-json\/wp\/v2\/media?parent=3274"}],"curies":[{"name":"wp","href":"https:\/\/api.w.org\/{rel}","templated":true}]}}