{"id":3266,"date":"2022-11-25T14:52:47","date_gmt":"2022-11-25T14:52:47","guid":{"rendered":"https:\/\/flohmarktgraz.at\/nasveti-in-triki-za-uspesno-prodajo-na-bolsjem-sejmu-v-gradcu-na-parkiriscu-cineplexx-puntigam\/"},"modified":"2023-12-29T01:15:28","modified_gmt":"2023-12-29T01:15:28","slug":"nasveti-in-triki-za-uspesno-prodajo-na-bolsjem-sejmu-v-gradcu-na-parkiriscu-cineplexx-puntigam","status":"publish","type":"page","link":"https:\/\/flohmarktgraz.at\/sl\/nasveti-in-triki-za-uspesno-prodajo-na-bolsjem-sejmu-v-gradcu-na-parkiriscu-cineplexx-puntigam\/","title":{"rendered":"Nasveti in triki za uspe\u0161no prodajo na bol\u0161jem sejmu v Gradcu na parkiri\u0161\u010du Cineplexx Puntigam."},"content":{"rendered":"\n<p><br\/>Da bi izbolj\u0161ali svojo stojnico na bol\u0161jem sejmu in pove\u010dali prodajo, vam bomo razkrili nekaj preprostih trikov in nasvetov. Vredno jih je upo\u0161tevati, saj lahko zelo vplivajo na to, kako predstavite svoje blago in kako pristopite k prodaji!<\/p>\n\n<h2 class=\"wp-block-heading\"><mark style=\"background-color:rgba(0, 0, 0, 0)\" class=\"has-inline-color has-accent-color\"><strong>Privla\u010dno predstavite svoje blago<\/strong><\/mark><\/h2>\n\n<p>Preproga na mizi stojnice, obe\u0161alniki za obla\u010dila ali preprosto lepa postavitev blaga lahko hitro izbolj\u0161ajo va\u0161o stojnico. Pri okra\u0161evanju bodite ustvarjalni in sprostite paro! Na\u0161e stojnice so ve\u010dje od povpre\u010dja, zato ni omejitev, kako lahko predstavite svoje blago!<\/p>\n\n<hr class=\"wp-block-separator has-alpha-channel-opacity\"\/>\n\n<h2 class=\"wp-block-heading\"><strong><mark style=\"background-color:rgba(0, 0, 0, 0)\" class=\"has-inline-color has-accent-color\">Bodite pozorni na stanje svojega blaga<\/mark><\/strong><\/h2>\n\n<p>Pred prodajo je vredno blago ponovno o\u010distiti ali oprati. To izbolj\u0161a videz va\u0161ega blaga in ga naredi bolj privla\u010dnega za potencialne kupce!<\/p>\n\n<hr class=\"wp-block-separator has-alpha-channel-opacity\"\/>\n\n<h2 class=\"wp-block-heading\"><strong><mark style=\"background-color:rgba(0, 0, 0, 0)\" class=\"has-inline-color has-accent-color\">Bodite prijazni<\/mark><\/strong><\/h2>\n\n<p>V trgovini pri\u010dakujete tudi prijazno in vljudno obravnavo. Bodite pozitivni in prijazni, da boste na stojnico privabili kupce! Prijazen nasmeh pogosto naredi \u010dude\u017ee.  <\/p>\n\n<hr class=\"wp-block-separator has-alpha-channel-opacity\"\/>\n\n<h2 class=\"wp-block-heading\"><strong><mark style=\"background-color:rgba(0, 0, 0, 0)\" class=\"has-inline-color has-accent-color\">Dolo\u010danje vrednosti blaga<\/mark><\/strong><\/h2>\n\n<p>Tudi \u010de prodate stvari, ki vam ne koristijo ve\u010d, \u0161e zdale\u010d niso brez vrednosti! Vnaprej ugotovite, koliko je va\u0161e blago vredno in kak\u0161na cena je primerna. \u010ceprav so bol\u0161ji sejmi znani po nizkih cenah, ne prodajte ni\u010desar veliko pod dejansko vrednostjo in ne ogro\u017eajte svojega dobi\u010dka!<\/p>\n\n<hr class=\"wp-block-separator has-alpha-channel-opacity\"\/>\n\n<h2 class=\"wp-block-heading\"><strong><mark style=\"background-color:rgba(0, 0, 0, 0)\" class=\"has-inline-color has-accent-color\">Pogajanja<\/mark><\/strong><\/h2>\n\n<p>Ljudje na bol\u0161jih sejmih zelo radi sklepajo kup\u010dije, zato bodite pripravljeni in ne bodite srame\u017eljivi! V najbolj\u0161em primeru se lahko dogovorite o ceni, ki je primerna za vas in va\u0161ega kupca! Zato se ne osredoto\u010dajte preve\u010d na dolo\u010deno ceno in jim dovolite, da se z vami pogovarjajo, vendar, kot smo \u017ee omenili, le, \u010de je cena \u0161e vedno primerna!<\/p>\n\n<hr class=\"wp-block-separator has-alpha-channel-opacity\"\/>\n\n<h2 class=\"wp-block-heading\"><strong><mark style=\"background-color:rgba(0, 0, 0, 0)\" class=\"has-inline-color has-accent-color\">Pravo\u010dasno prispeli za postavitev stojnice<\/mark><\/strong><\/h2>\n\n<p>Ni vam treba skrbeti, da boste zamudili in ne boste dobili mesta na bol\u0161jem sejmu, saj imamo na voljo dovolj stojnic, vendar se vseeno spla\u010da priti zgodaj. Vzemite si dovolj \u010dasa za postavitev stojnice in njeno okrasitev!<\/p>\n\n<hr class=\"wp-block-separator has-alpha-channel-opacity\"\/>\n\n<h2 class=\"wp-block-heading\"><strong><mark style=\"background-color:rgba(0, 0, 0, 0)\" class=\"has-inline-color has-accent-color\">Odkrito, a ne vsiljivo pristopajte do kupcev.<\/mark><\/strong><\/h2>\n\n<p>Morda ste se zna\u0161li v takem polo\u017eaju: potencialni kupec stoji pred va\u0161o stojnico in se zanima za va\u0161e blago, vendar \u0161e ni stopil do vas. Ne bodite srame\u017eljivi in naredite prvi korak! Bodite odprti, komunikativni in promovirajte svoj izdelek, da ga boste na koncu prodali.<\/p>\n\n<hr class=\"wp-block-separator has-alpha-channel-opacity\"\/>\n\n<h2 class=\"wp-block-heading\"><strong><mark style=\"background-color:rgba(0, 0, 0, 0)\" class=\"has-inline-color has-accent-color\">Cene paketov<\/mark><\/strong><\/h2>\n\n<p>Pri \u0161tevilnih izdelkih je smiselno ponuditi paketne cene. Pove\u010dajte prodajo s prodajo ve\u010d kosov skupaj, vendar po ugodnej\u0161i ceni!<\/p>\n\n<hr class=\"wp-block-separator has-alpha-channel-opacity\"\/>\n\n<h2 class=\"wp-block-heading\"><strong><mark style=\"background-color:rgba(0, 0, 0, 0)\" class=\"has-inline-color has-accent-color\">Nobeno blago ni naprodaj<\/mark><\/strong><\/h2>\n\n<p>\u010ce niste prepri\u010dani, ali bi kdo sploh pla\u010dal za nekatere kose, jih vzemite s seboj! Morda izdelek za vas nima ve\u010d vrednosti, lahko pa jo ima za nekoga drugega. \u010ce ne\u010desa res ne \u017eelite zara\u010dunati ve\u010d, to vseeno vzemite in podarite. Vedno je lepo, ko kos dobi drugo \u017eivljenje in ga nekdo drug u\u017eiva, namesto da bi ga v naglici zavrgel!<\/p>\n\n<hr class=\"wp-block-separator has-alpha-channel-opacity\"\/>\n\n<h2 class=\"wp-block-heading\"><strong><mark style=\"background-color:rgba(0, 0, 0, 0)\" class=\"has-inline-color has-accent-color\">U\u017eivajte v dnevu in se zabavajte<\/mark><\/strong> <\/h2>\n\n<p>Prodaja na bol\u0161jem sejmu je posebno do\u017eivetje, \u0161e posebej, \u010de tega ne po\u010dnete redno. U\u017eivajte v dnevu in se zabavajte ob prodaji! Blagu podarite drugo \u017eivljenje, osre\u010dite druge ljudi, se osvobodite starih bremen in zaslu\u017eite nekaj dodatnega denarja!<\/p>\n\n<hr class=\"wp-block-separator has-alpha-channel-opacity\"\/>\n\n<h2 class=\"wp-block-heading\"><strong><mark style=\"background-color:rgba(0, 0, 0, 0)\" class=\"has-inline-color has-accent-color\">Izberite pravi bol\u0161ji trg za svoje blago<\/mark><\/strong><\/h2>\n\n<p>Na sre\u010do je bol\u0161ji sejem v Puntigamu pravi kraj za vse va\u0161e blago! Veliko obiskovalcev, prijetno vzdu\u0161je, brezpla\u010dno parkiranje. Kupcem ni treba dale\u010d nositi blaga z bol\u0161jega sejma, avto lahko parkirate neposredno za prodajnim prostorom in \u0161e veliko ve\u010d. Prodajamo vse od <strong>rabljenih obla\u010dil<\/strong>, <strong>otro\u0161kih obla\u010dil<\/strong>, <strong>rabljenih elektri\u010dnih aparatov<\/strong>, <strong>posode<\/strong>, <strong>plo\u0161\u010d<\/strong>, <strong>knjig<\/strong> in <strong>starinskega pohi\u0161tva<\/strong>. Ne glede na to, kaj \u017eelite prodati, ste na na\u0161em bol\u0161jem sejmu v Gradcu na parkiri\u0161\u010du Cineplexx pri\u0161li na pravo mesto!<\/p>\n\n<hr class=\"wp-block-separator has-alpha-channel-opacity\"\/>\n\n<h2 class=\"wp-block-heading\"><strong><mark style=\"background-color:rgba(0, 0, 0, 0)\" class=\"has-inline-color has-accent-color\">Ne izgubite motivacije<\/mark><\/strong><\/h2>\n\n<p>Vsakdo ima kdaj slab dan, a ne dovolite, da bi vas to potrlo! Ves dan preizku\u0161ajte razli\u010dne prodajne tehnike. Bolj promovirajte svoje izdelke, odkrito pristopajte k ljudem, druga\u010de predstavite svoje blago. Mo\u017enosti je veliko in imate dovolj \u010dasa, da vse preizkusite. Ne obupajte!<\/p>\n\n<hr class=\"wp-block-separator has-alpha-channel-opacity\"\/>\n\n<h2 class=\"wp-block-heading\"><strong><mark style=\"background-color:rgba(0, 0, 0, 0)\" class=\"has-inline-color has-accent-color\">s seboj vzemite originalno embala\u017eo in navodila za uporabo.<\/mark><\/strong><\/h2>\n\n<p>Morda imate doma \u0161e vedno originalno embala\u017eo ali navodila za uporabo enega ali drugega izdelka. Oba vzemite s seboj in ju izro\u010dite kupcu. To pove\u010da vrednost va\u0161ega izdelka in je prijeten dodatek!<\/p>\n\n<hr class=\"wp-block-separator has-alpha-channel-opacity\"\/>\n\n<h2 class=\"wp-block-heading\"><strong><mark style=\"background-color:rgba(0, 0, 0, 0)\" class=\"has-inline-color has-accent-color\">Poskrbite za \u010disto\u010do in urejenost prostora<\/mark><\/strong><\/h2>\n\n<p>\u010cist prostor ni le lep\u0161i na pogled, ampak je tudi veliko bolj privla\u010den in vabljiv za stranke. Blago, ki le\u017ei na tleh, je vedno videti zanemarjeno!<\/p>\n\n<hr class=\"wp-block-separator has-alpha-channel-opacity\"\/>\n\n<h2 class=\"wp-block-heading\"><strong><mark style=\"background-color:rgba(0, 0, 0, 0)\" class=\"has-inline-color has-accent-color\">Zanimivemu blagu dajte dobro mesto<\/mark><\/strong><\/h2>\n\n<p>Zanimivo blago postavite na dobro vidno mesto in tako privabite kupce na stojnico. Tako pridejo na va\u0161o stojnico in si ogledajo tudi druge stvari.<\/p>\n\n<hr class=\"wp-block-separator has-alpha-channel-opacity\"\/>\n\n<h2 class=\"wp-block-heading\"><strong><mark style=\"background-color:rgba(0, 0, 0, 0)\" class=\"has-inline-color has-accent-color\">Bodite potrpe\u017eljivi!<\/mark><\/strong><\/h2>\n\n<p>V nekaterih fazah bo veliko obiskovalcev, v drugih pa se bo dogajalo zelo malo. \u010ce boste blago zapakirali prezgodaj, boste prestra\u0161ili morebitne stranke, ki so \u0161e vedno na kraju samem. Vse prepogosto se zgodi, da na koncu dobite dober posel ali dva!<br\/><\/p>\n\n<hr class=\"wp-block-separator has-alpha-channel-opacity\"\/>\n\n<h2 class=\"wp-block-heading\"><strong><mark style=\"background-color:rgba(0, 0, 0, 0)\" class=\"has-inline-color has-accent-color\">Bodite prijazni do sosedov<\/mark><\/strong><\/h2>\n\n<p>Prijaznost je vedno najpomembnej\u0161a! \u010ce morate na strani\u0161\u010de ali po hrano in so ob va\u0161i stojnici potencialne stranke, je vedno koristno, \u010de se lahko dogovorite s sosedom na bol\u0161jem sejmu in ga prosite za pomo\u010d.<\/p>\n\n<p class=\"has-text-align-center\"><a href=\"https:\/\/flohmarktgraz.at\/sl\/?page_id=3274\" target=\"_blank\" rel=\"noreferrer noopener\"><strong><mark style=\"background-color:rgba(0, 0, 0, 0)\" class=\"has-inline-color has-accent-color\">Kliknite! Tukaj najdete informacije za razstavljavce na bol\u0161jem trgu in predpise o bol\u0161jem trgu, ki jih morate prebrati, da boste vedeli, kaj je na bol\u0161jem trgu v Gradcu dovoljeno ali prepovedano prodajati.<\/mark><\/strong><\/a><\/p>\n\n<p>Zabavajte se na bol\u0161jem trgu v Gradcu &#8211; Puntigam!<\/p>\n","protected":false},"excerpt":{"rendered":"<p>Da bi izbolj\u0161ali svojo stojnico na bol\u0161jem sejmu in pove\u010dali prodajo, vam bomo razkrili nekaj preprostih trikov in nasvetov. Vredno jih je upo\u0161tevati, saj lahko &#8230; <a title=\"Nasveti in triki za uspe\u0161no prodajo na bol\u0161jem sejmu v Gradcu na parkiri\u0161\u010du Cineplexx Puntigam.\" class=\"read-more\" href=\"https:\/\/flohmarktgraz.at\/sl\/nasveti-in-triki-za-uspesno-prodajo-na-bolsjem-sejmu-v-gradcu-na-parkiriscu-cineplexx-puntigam\/\" aria-label=\"Read more about Nasveti in triki za uspe\u0161no prodajo na bol\u0161jem sejmu v Gradcu na parkiri\u0161\u010du Cineplexx Puntigam.\">\u27a0Weiterlesen<\/a><\/p>\n","protected":false},"author":1,"featured_media":3133,"parent":0,"menu_order":0,"comment_status":"closed","ping_status":"closed","template":"","meta":{"footnotes":""},"class_list":["post-3266","page","type-page","status-publish","has-post-thumbnail"],"_links":{"self":[{"href":"https:\/\/flohmarktgraz.at\/sl\/wp-json\/wp\/v2\/pages\/3266","targetHints":{"allow":["GET"]}}],"collection":[{"href":"https:\/\/flohmarktgraz.at\/sl\/wp-json\/wp\/v2\/pages"}],"about":[{"href":"https:\/\/flohmarktgraz.at\/sl\/wp-json\/wp\/v2\/types\/page"}],"author":[{"embeddable":true,"href":"https:\/\/flohmarktgraz.at\/sl\/wp-json\/wp\/v2\/users\/1"}],"replies":[{"embeddable":true,"href":"https:\/\/flohmarktgraz.at\/sl\/wp-json\/wp\/v2\/comments?post=3266"}],"version-history":[{"count":0,"href":"https:\/\/flohmarktgraz.at\/sl\/wp-json\/wp\/v2\/pages\/3266\/revisions"}],"wp:featuredmedia":[{"embeddable":true,"href":"https:\/\/flohmarktgraz.at\/sl\/wp-json\/wp\/v2\/media\/3133"}],"wp:attachment":[{"href":"https:\/\/flohmarktgraz.at\/sl\/wp-json\/wp\/v2\/media?parent=3266"}],"curies":[{"name":"wp","href":"https:\/\/api.w.org\/{rel}","templated":true}]}}