{"id":3250,"date":"2022-11-21T16:23:33","date_gmt":"2022-11-21T16:23:33","guid":{"rendered":"https:\/\/flohmarktgraz.at\/odtis\/"},"modified":"2023-12-29T01:15:27","modified_gmt":"2023-12-29T01:15:27","slug":"odtis","status":"publish","type":"page","link":"https:\/\/flohmarktgraz.at\/sl\/odtis\/","title":{"rendered":"Odtis"},"content":{"rendered":"\n<figure class=\"wp-block-image size-large is-resized\"><img loading=\"lazy\" decoding=\"async\" src=\"https:\/\/flohmarktgraz.at\/wp-content\/uploads\/2023\/05\/facebook-header6-3-1024x379.jpg\" alt=\"\" class=\"wp-image-2858\" width=\"351\" height=\"130\" srcset=\"https:\/\/flohmarktgraz.at\/wp-content\/uploads\/2023\/05\/facebook-header6-3-1024x379.jpg 1024w, https:\/\/flohmarktgraz.at\/wp-content\/uploads\/2023\/05\/facebook-header6-3-300x111.jpg 300w, https:\/\/flohmarktgraz.at\/wp-content\/uploads\/2023\/05\/facebook-header6-3-768x284.jpg 768w, https:\/\/flohmarktgraz.at\/wp-content\/uploads\/2023\/05\/facebook-header6-3-1536x569.jpg 1536w, https:\/\/flohmarktgraz.at\/wp-content\/uploads\/2023\/05\/facebook-header6-3-2048x758.jpg 2048w\" sizes=\"auto, (max-width: 351px) 100vw, 351px\" \/><\/figure>\n\n<p>Organizator bol\u0161ji sejem Puntigam:<\/p>\n\n<p>Manuela Buchrieser<\/p>\n\n<p>Alte Poststra\u00dfe 470, 8055 Gradec Puntigam<\/p>\n\n<p>Tel.: 0664 51 70 430<\/p>\n\n<p>E-naslov: buchrieser.dienstleistungen@gmail.com<\/p>\n\n<p>v sodelovanju z zdru\u017eenjem Unterst\u00fctzungsverein zur F\u00f6rderung und Erhaltung der freien \u00f6sterreichischen Markttradition.<br\/>&#8220;UFM AUSTRIJA&#8221;  <\/p>\n\n<p>Poslovni prostori:<br\/>Stra\u00dfganger Stra\u00dfe 120A<br\/>8052 Gradec<br\/>\u0160tevilka ZVR: 1306313357<\/p>\n\n<h2 class=\"wp-block-heading\">Izjava o omejitvi odgovornosti<\/h2>\n\n<p>Organizator bol\u0161jega sejma in njegovi zaposleni ne prevzemajo nobene odgovornosti za materialno \u0161kodo, telesne po\u0161kodbe, tatvine ali prometne kazni. Organizator ne prevzema nobene odgovornosti za telesne po\u0161kodbe ali materialno \u0161kodo, ki jo razstavljavec, njegovi sorodniki ali obiskovalci utrpijo na razstavnem prostoru. Bol\u0161ji trg in parkiri\u0161\u010da uporabljate na lastno odgovornost.  <\/p>\n\n<p><strong>Jamstvo, garancija, vra\u010dilo:<\/strong><br\/>Blago, ki ga ponujamo na na\u0161em bol\u0161jem trgu, je zasebna prodaja, ki poteka neposredno med prodajalcem in kupcem. Organizator z blagom nima ni\u010d skupnega in od prodaje ne zaslu\u017ei ni\u010desar. Glede na pravne dolo\u010dbe EU za zasebno prodajo vas obve\u0161\u010damo, da prodajalci ne prevzemajo nobenega jamstva. Prodaja poteka brez kakr\u0161ne koli garancije, jamstva ali vra\u010dila. Kupci se s tem strinjajo in to potrdijo s svojo ponudbo ali pla\u010dilom.<\/p>\n\n<p><\/p>\n","protected":false},"excerpt":{"rendered":"<p>Organizator bol\u0161ji sejem Puntigam: Manuela Buchrieser Alte Poststra\u00dfe 470, 8055 Gradec Puntigam Tel.: 0664 51 70 430 E-naslov: buchrieser.dienstleistungen@gmail.com v sodelovanju z zdru\u017eenjem Unterst\u00fctzungsverein zur &#8230; <a title=\"Odtis\" class=\"read-more\" href=\"https:\/\/flohmarktgraz.at\/sl\/odtis\/\" aria-label=\"Read more about Odtis\">\u27a0Weiterlesen<\/a><\/p>\n","protected":false},"author":1,"featured_media":0,"parent":0,"menu_order":0,"comment_status":"closed","ping_status":"closed","template":"","meta":{"footnotes":""},"class_list":["post-3250","page","type-page","status-publish"],"_links":{"self":[{"href":"https:\/\/flohmarktgraz.at\/sl\/wp-json\/wp\/v2\/pages\/3250","targetHints":{"allow":["GET"]}}],"collection":[{"href":"https:\/\/flohmarktgraz.at\/sl\/wp-json\/wp\/v2\/pages"}],"about":[{"href":"https:\/\/flohmarktgraz.at\/sl\/wp-json\/wp\/v2\/types\/page"}],"author":[{"embeddable":true,"href":"https:\/\/flohmarktgraz.at\/sl\/wp-json\/wp\/v2\/users\/1"}],"replies":[{"embeddable":true,"href":"https:\/\/flohmarktgraz.at\/sl\/wp-json\/wp\/v2\/comments?post=3250"}],"version-history":[{"count":0,"href":"https:\/\/flohmarktgraz.at\/sl\/wp-json\/wp\/v2\/pages\/3250\/revisions"}],"wp:attachment":[{"href":"https:\/\/flohmarktgraz.at\/sl\/wp-json\/wp\/v2\/media?parent=3250"}],"curies":[{"name":"wp","href":"https:\/\/api.w.org\/{rel}","templated":true}]}}