{"id":3227,"date":"2022-04-05T14:27:36","date_gmt":"2022-04-05T14:27:36","guid":{"rendered":"https:\/\/flohmarktgraz.at\/uporabljen-namesto-novega\/"},"modified":"2023-12-29T01:12:36","modified_gmt":"2023-12-29T01:12:36","slug":"uporabljen-namesto-novega","status":"publish","type":"page","link":"https:\/\/flohmarktgraz.at\/sl\/uporabljen-namesto-novega\/","title":{"rendered":"Uporabljen namesto novega"},"content":{"rendered":"\n<p>Potratna raba surovin v sektorju potro\u0161ni\u0161kega blaga je poleg prometa in industrije eden glavnih razlogov za dana\u0161nje velike okoljske in podnebne te\u017eave. Blagovne znamke obla\u010dil v brezhibnem stanju in le redko no\u0161ena, popolnoma funkcionalni gospodinjski in elektronski aparati, pohi\u0161tvo in dodatki za dom vseh vrst, knjige, zgo\u0161\u010denke, plo\u0161\u010de in tako dragocene surovine &#8211; pogosto kon\u010dajo v smeteh ali ostanejo neuporabljeni samo zato, ker niso ve\u010d aktualni ali so jih nadomestili z novimi izdelki. Za \u0161tevilne rabljene vsakdanje predmete obstaja sekundarni trg in zainteresirani kupci, ki lahko zagotovijo dalj\u0161i \u017eivljenjski cikel izdelka in s tem okolju prijaznej\u0161o rabo na\u0161ih naravnih virov.<\/p>\n\n<p>&#8220;Preprodajanje in kupovanje rabljenih izdelkov ni ve\u010d znak pomanjkanja denarja, temve\u010d je to \u0161ir\u0161i trend \u017eivljenjskega sloga. Hkrati je znak gospodarske in ekolo\u0161ke inteligence. Za\u010dasno lastni\u0161tvo je nov potro\u0161ni\u0161ki trend&#8221;.<\/p>\n\n<p>Bol\u0161ji sejem v Gradcu omogo\u010da nakup in prodajo rabljenega blaga ter &#8220;drugo \u017eivljenje&#8221; stvarem, ki jih ne potrebujete ve\u010d ali so bile zavr\u017eene. Rabljeni izdelki, ki delujejo ali jih je enostavno popraviti, prina\u0161ajo prihodek prodajalcu, hkrati pa s ponovno uporabo ohranjajo naravne vire.<\/p>\n\n<p><strong>Povezuje ljudi<\/strong>:<\/p>\n\n<p>Na bol\u0161jem trgu ali v trgovini z rabljenimi predmeti. Stranke in kupci se obi\u010dajno za\u010dnejo hitreje pogovarjati. Ne glede na to, ali i\u0161\u010dete nekaj posebnega, se pogovarjate o ceni, posebni zgodovini predmeta ali osebnih izku\u0161njah prodajalca. Ljudje se med seboj pogosto pogovarjajo ve\u010d in hitreje.<\/p>\n\n<p>Ve\u010dinoma spro\u0161\u010deno, osebno in z zanimanjem.<\/p>\n\n<p>In to povezuje.<\/p>\n\n<p>To je pomembno.<\/p>\n\n<p>Vzemite svojo dru\u017eino in pridite na na\u0161 bol\u0161ji sejem. Pomislite na vse druge dobre in razumne razloge, ki govorijo v prid in ki smo jih tu \u017ee na\u0161teli. Kot obiskovalec ali razstavljavec se imejte lepo in vedeli boste:<\/p>\n\n<p>Bol\u0161ji sejem v Gradcu je preprosto bolj zabaven &#8230;<\/p>\n","protected":false},"excerpt":{"rendered":"<p>Potratna raba surovin v sektorju potro\u0161ni\u0161kega blaga je poleg prometa in industrije eden glavnih razlogov za dana\u0161nje velike okoljske in podnebne te\u017eave. Blagovne znamke obla\u010dil &#8230; <a title=\"Uporabljen namesto novega\" class=\"read-more\" href=\"https:\/\/flohmarktgraz.at\/sl\/uporabljen-namesto-novega\/\" aria-label=\"Read more about Uporabljen namesto novega\">\u27a0Weiterlesen<\/a><\/p>\n","protected":false},"author":1,"featured_media":0,"parent":0,"menu_order":0,"comment_status":"closed","ping_status":"closed","template":"","meta":{"footnotes":""},"class_list":["post-3227","page","type-page","status-publish"],"_links":{"self":[{"href":"https:\/\/flohmarktgraz.at\/sl\/wp-json\/wp\/v2\/pages\/3227","targetHints":{"allow":["GET"]}}],"collection":[{"href":"https:\/\/flohmarktgraz.at\/sl\/wp-json\/wp\/v2\/pages"}],"about":[{"href":"https:\/\/flohmarktgraz.at\/sl\/wp-json\/wp\/v2\/types\/page"}],"author":[{"embeddable":true,"href":"https:\/\/flohmarktgraz.at\/sl\/wp-json\/wp\/v2\/users\/1"}],"replies":[{"embeddable":true,"href":"https:\/\/flohmarktgraz.at\/sl\/wp-json\/wp\/v2\/comments?post=3227"}],"version-history":[{"count":0,"href":"https:\/\/flohmarktgraz.at\/sl\/wp-json\/wp\/v2\/pages\/3227\/revisions"}],"wp:attachment":[{"href":"https:\/\/flohmarktgraz.at\/sl\/wp-json\/wp\/v2\/media?parent=3227"}],"curies":[{"name":"wp","href":"https:\/\/api.w.org\/{rel}","templated":true}]}}