{"id":3287,"date":"2022-11-10T20:54:01","date_gmt":"2022-11-10T20:54:01","guid":{"rendered":"https:\/\/flohmarktgraz.at\/bolhapiaci-rendeletek\/"},"modified":"2023-12-29T01:15:35","modified_gmt":"2023-12-29T01:15:35","slug":"bolhapiaci-rendeletek","status":"publish","type":"page","link":"https:\/\/flohmarktgraz.at\/hu\/bolhapiaci-rendeletek\/","title":{"rendered":"Bolhapiaci rendeletek"},"content":{"rendered":"\n<p><strong>A ki\u00e1ll\u00edt\u00e1s ter\u00fclet\u00e9re val\u00f3 bel\u00e9p\u00e9ssel a b\u00e9rl\u0151 elfogadja az al\u00e1bbi meg\u00e1llapod\u00e1s valamennyi felt\u00e9tel\u00e9t.<\/strong><\/p>\n\n<p>&#8221; Az <strong>\u00daJ \u00c1RUK<\/strong> \u00e1rus\u00edt\u00e1sa tilos.<\/p>\n\n<p>&#8221;  <strong><mark style=\"background-color:#f3db22\" class=\"has-inline-color\">Az \u00e9rt\u00e9kes\u00edt\u00e9sb\u0151l kiz\u00e1rtak \u00c9lelmiszerek, fegyverek, k\u00e9sek, pornogr\u00e1f cikkek, kal\u00f3zm\u00e1solatok (zene \u00e9s film), b\u00e1rmilyen hamis\u00edtv\u00e1ny, gy\u00fal\u00e9kony \u00e1ruk, robban\u00f3anyagok, szem\u00e9lyekre, \u00e1llatokra vesz\u00e9lyes \u00e1ruk, v\u00edzvesz\u00e9lyes \u00e1ruk (pl. elemek, fest\u00e9kek, olajok, vegyszerek stb.), \u00e9lelmiszerek \u00e9s luxus\u00e9lelmiszerek, italok, cigarett\u00e1k, katonai \u00e1ruk \u00e9s k\u00f6rnyezetre vesz\u00e9lyes \u00e1ruk. Harci felszerel\u00e9s, a horogkeresztet vagy a n\u00e1ci korszak \u00e9s\/vagy m\u00e1s tiltott szervezetek szimb\u00f3lumait visel\u0151 \u00e1ruk, k\u00e9tes eredet\u0171 \u00e1ruk (lopott vagy csemp\u00e9szett \u00e1ruk), sz\u0151l\u0151, m\u00e1kszalma \u00e9s \u00e1gytoll. Minden szerencsej\u00e1t\u00e9k tilos.<\/mark><\/strong><\/p>\n\n<p>&#8221; Az \u00e1ruk \u00e9rt\u00e9kes\u00edt\u00e9se kiz\u00e1r\u00f3lag az \u00e1llom\u00e1ny ter\u00fclet\u00e9n bel\u00fcl.<\/p>\n\n<p>&#8221; A ki\u00e1ll\u00edt\u00f3k haszn\u00e1lhatj\u00e1k a ki\u00e1ll\u00edt\u00e1s ter\u00fclet\u00e9n tal\u00e1lhat\u00f3 mobil <strong>WC-ket<\/strong>. Ezeket szennyez\u0151d\u00e9sekt\u0151l mentesen kell tartani.<\/p>\n\n<p>&#8221; A ki\u00e1ll\u00edt\u00f3 \u00e1ltali <strong>alb\u00e9rletbe ad\u00e1s<\/strong> nem megengedett.  <\/p>\n\n<p>&#8221; Gondoskodni kell arr\u00f3l, hogy a szomsz\u00e9dok, a l\u00e1togat\u00f3k vagy m\u00e1s ki\u00e1ll\u00edt\u00f3k sz\u00e1m\u00e1ra ne okozzon <strong>kellemetlens\u00e9get<\/strong> (zaj stb.).<\/p>\n\n<p>&#8221; Az <strong>StVo<\/strong> a helysz\u00ednen alkalmazand\u00f3. A szervez\u0151 minden <strong>felel\u0151ss\u00e9g\u00e9t<\/strong> kiz\u00e1rjuk az \u00e1rukban, j\u00e1rm\u0171vekben \u00e9s szem\u00e9lyekben bek\u00f6vetkezett k\u00e1rok\u00e9rt. A ki\u00e1ll\u00edt\u00f3 felel a b\u00e9rleti id\u0151szak alatt keletkezett minden k\u00e1r\u00e9rt.<\/p>\n\n<p>&#8221; A motorzajt a lehet\u0151 legkisebbre kell cs\u00f6kkenteni.<\/p>\n\n<p>&#8221; A <strong>stewardok<\/strong> utas\u00edt\u00e1sait kiv\u00e9tel n\u00e9lk\u00fcl be kell tartani.<\/p>\n\n<p>&#8221; A <strong>ki\u00e1ll\u00edt\u00f3i d\u00edj visszat\u00e9r\u00edt\u00e9se <\/strong>kiz\u00e1rt.<\/p>\n\n<p>&#8221; A ki\u00e1ll\u00edt\u00f3t ki lehet z\u00e1rni a helysz\u00ednr\u0151l, ha egy vagy t\u00f6bb szerz\u0151d\u00e9ses felt\u00e9telt figyelmen k\u00edv\u00fcl hagy.<\/p>\n\n<p>&#8221; Az \u00fczemeltet\u0151nek el kell fogadnia a kimondott<strong>&#8222;telephelyelhagy\u00e1si tilalmat<\/strong>&#8221; (ennek el nem fogad\u00e1sa eset\u00e9n polg\u00e1ri peres elj\u00e1r\u00e1s indul). A felmer\u00fcl\u0151 k\u00f6lts\u00e9geket tov\u00e1bbh\u00e1r\u00edtjuk.<\/p>\n\n<p>&#8221; <strong>Kuty\u00e1k<\/strong> p\u00f3r\u00e1zon + zacsk\u00f3 a kaki sz\u00e1m\u00e1ra.<\/p>\n\n<p>&#8221; A sz\u00fcl\u0151k felel\u0151sek <strong>gyermekeik\u00e9rt<\/strong>.<\/p>\n\n<p>&#8221; A felfel\u00e9 vagy lefel\u00e9 A mag\u00e1val hozott \u00e1ruk \u00e9s t\u00e1rgyak ki\u00e1ll\u00edt\u00e1sa saj\u00e1t felel\u0151ss\u00e9gre t\u00f6rt\u00e9nik.<\/p>\n\n<p>&#8221; A piaci stand fel\u00e1ll\u00edt\u00e1sakor \u00fcgyelni kell arra, hogy az \u00e1tj\u00e1r\u00f3 sz\u00e9less\u00e9ge a<br\/>legal\u00e1bb 3,5 m\u00e9teres t\u00e1vols\u00e1got tartanak fenn a v\u00e9szhelyzeti j\u00e1rm\u0171vek sz\u00e1m\u00e1ra.<\/p>\n\n<p>&#8221; A j\u00e1r\u00f3kel\u0151k biztons\u00e1ga \u00e9rdek\u00e9ben tilos a piac ter\u00fclet\u00e9re behajtani a<br\/>A piac nyitvatart\u00e1si ideje alatt g\u00e9pj\u00e1rm\u0171vek nem k\u00f6zlekedhetnek.<\/p>\n\n<p>&#8221; A cseppfoly\u00f3s\u00edtott g\u00e1z haszn\u00e1lata tilos.<\/p>\n\n<p>&#8221; A biztons\u00e1gi berendez\u00e9seket (g\u00e1zelz\u00e1r\u00f3 szelepek, f\u00f6ld feletti vagy f\u00f6ld alatti t\u0171zcsapok \u00e9s &#8222;tapinthat\u00f3 ir\u00e1nyjelz\u0151k&#8221; (vakok sz\u00e1m\u00e1ra k\u00e9sz\u00fclt ir\u00e1nyjelz\u0151 vonalak) nem akad\u00e1lyozhatj\u00e1k fel\u00e9p\u00edtm\u00e9nyek vagy j\u00e1rm\u0171vek.<\/p>\n\n<p>&#8221; A szervez\u0151 nem v\u00e1llal felel\u0151ss\u00e9get a ki\u00e1ll\u00edt\u00f3k \u00e1rui\u00e9rt\/asztalaik\u00e9rt\/aut\u00f3ik\u00e9rt.<\/p>\n\n<p>&#8221; A naperny\u0151ket, eserny\u0151ket, partis\u00e1trakat vagy m\u00e1s el\u0151tet\u0151ket stabilan kell fel\u00e1ll\u00edtani. A szervez\u0151 nem v\u00e1llal felel\u0151ss\u00e9get az enged\u00e9ly n\u00e9lk\u00fcl fel\u00e1ll\u00edtott el\u0151tet\u0151k \u00e1ltal okozott szem\u00e9lyi s\u00e9r\u00fcl\u00e9sek\u00e9rt vagy anyagi k\u00e1rok\u00e9rt.  <\/p>\n\n<p>&#8221; A haszn\u00e1lt \u00e1ruk kereskedelmi \u00e9rt\u00e9kes\u00edt\u0151inek be kell mutatniuk a kereskedelmi enged\u00e9ly\u00fck m\u00e1solat\u00e1t az arra jogosult p\u00e9nzt\u00e1rn\u00e1l.<\/p>\n\n<p>&#8221; A <strong>szem\u00e9t lerak\u00e1sa<\/strong> \u00e9s a t\u00e1rgyak h\u00e1trahagy\u00e1sa szigor\u00faan tilos, \u00e9s legal\u00e1bb 50 \u20ac \u00f6sszeg\u0171 d\u00edjjal \u00e9s befizet\u00e9ssel b\u00fcntetend\u0151.<\/p>\n\n<p>&#8221; A ki\u00e1ll\u00edt\u00e1si ter\u00fcleten tilos a piaci nyitvatart\u00e1si id\u0151 alatt g\u00e9pj\u00e1rm\u0171vel k\u00f6zlekedni.<\/p>\n\n<p>&#8221; A jelv\u00e9nyt\u00f6rv\u00e9nyt szigor\u00faan be kell tartani, ennek elmulaszt\u00e1sa a bolhapiacr\u00f3l val\u00f3 azonnali kiz\u00e1r\u00e1st vonja maga ut\u00e1n.<\/p>\n\n<p> <span style=\"font-size: inherit; background-color: var(--base-3); color: var(--contrast);\">&#8221; Gar\u00e1zsok, h\u00e1zak \u00e9s ingatlanok gar\u00e1zsokhoz, \u00e1tj\u00e1r\u00f3khoz \u00e9s bej\u00e1ratokhoz vezet\u0151 felhajt\u00f3k,<\/span><\/p><p>A j\u00e1rdakertek teljes sz\u00e9less\u00e9g\u00e9t szabadon kell tartani.<span style=\"font-size: inherit; background-color: var(--base-3); color: var(--contrast);\">  <\/span>&#8221; A piaci b\u00f3d\u00e9kat a Cineplexx \u00e9p\u00fclet homlokzat\u00e1t\u00f3l legal\u00e1bb 2,50 m\u00e9ter t\u00e1vols\u00e1gra lehet fel\u00e1ll\u00edtani.<br\/>lesz.<\/p> \u00bb Die Ausstellungsfl\u00e4che darf\u00a0 Samstag und Sonntag\u00a0ausschlie\u00dflich im angegebenen Zeitraum von\u00a0<strong>Privatpersonen<\/strong>\u00a0und nur zum Verkauf von\u00a0<strong>gebrauchten Waren<\/strong>\u00a0verwendet werden.\n\n<p><strong><mark style=\"background-color:rgba(0, 0, 0, 0)\" class=\"has-inline-color has-accent-color\">Az eg\u00e9sz ter\u00fcletet szennyez\u0151d\u00e9smentesen kell tartani. Semmi \u00e1rut vagy szemetet nem szabad h\u00e1trahagyni! Az adott ki\u00e1ll\u00edt\u00f3 felel a szab\u00e1lyok betart\u00e1s\u00e1\u00e9rt. A fent eml\u00edtett t\u00e1rgyak h\u00e1trahagy\u00e1sa eset\u00e9n a szervez\u0151nek joga van a h\u00e1trahagyott t\u00e1rgyakat a ki\u00e1ll\u00edt\u00f3 k\u00f6lts\u00e9g\u00e9re eltakar\u00edttatni!!!<\/mark><\/strong><\/p>\n\n<p><strong>Sajt\u00f3:<\/strong><br\/>A bolhapiacon val\u00f3 r\u00e9szv\u00e9tellel \u00d6n hozz\u00e1j\u00e1rul ahhoz, hogy a rendezv\u00e9ny\u00fcnkr\u0151l k\u00e9sz\u00fclt f\u00e9nyk\u00e9peket, k\u00e9peket \u00e9s hangfelv\u00e9teleket az interneten, a nyomtatott \u00e9s telev\u00edzi\u00f3s m\u00e9di\u00e1ban k\u00f6zz\u00e9tegy\u00e9k, \u00e9s ennek eredm\u00e9nyek\u00e9ppen semmilyen k\u00f6vetel\u00e9s nem \u00e9rv\u00e9nyes\u00edthet\u0151.<\/p>\n\n<p><strong>Garancia, j\u00f3t\u00e1ll\u00e1s, visszav\u00e9tel:<\/strong><br\/>A bolhapiacainkon k\u00edn\u00e1lt \u00e1ruk mag\u00e1n\u00e9rt\u00e9kes\u00edt\u00e9sek, amelyek k\u00f6zvetlen\u00fcl az elad\u00f3 \u00e9s a vev\u0151 k\u00f6z\u00f6tt j\u00f6nnek l\u00e9tre. A szervez\u0151nek semmi k\u00f6ze az \u00e1ruhoz, \u00e9s nem keres p\u00e9nzt az elad\u00e1sb\u00f3l. A mag\u00e1n\u00e9rt\u00e9kes\u00edt\u00e9sre vonatkoz\u00f3 uni\u00f3s jogi rendelkez\u00e9sekre tekintettel t\u00e1j\u00e9koztatjuk, hogy az elad\u00f3k nem v\u00e1llalnak semmilyen garanci\u00e1t. Az \u00e9rt\u00e9kes\u00edt\u00e9s minden garancia, j\u00f3t\u00e1ll\u00e1s vagy visszav\u00e9tel kiz\u00e1r\u00e1s\u00e1val t\u00f6rt\u00e9nik. A vev\u0151k ezt elfogadj\u00e1k \u00e9s aj\u00e1nlatukkal vagy fizet\u00e9s\u00fckkel elismerik.<\/p>\n\n<p><strong>Felel\u0151ss\u00e9gi nyilatkozat:<\/strong><br\/>A bolhapiac szervez\u0151je \u00e9s alkalmazottai nem v\u00e1llalnak felel\u0151ss\u00e9get vagyoni k\u00e1rok\u00e9rt, szem\u00e9lyi s\u00e9r\u00fcl\u00e9sek\u00e9rt, lop\u00e1sok\u00e9rt vagy k\u00f6zleked\u00e9si b\u00edrs\u00e1gok\u00e9rt. Ha a szervez\u0151 \u00e9s a ki\u00e1ll\u00edt\u00f3 k\u00f6z\u00f6tti meg\u00e1llapod\u00e1s olyan okb\u00f3l nem teljes\u00edthet\u0151, amely\u00e9rt a szervez\u0151 nem felel\u0151s, pl. a b\u00e9relt t\u00e1rgy (csarnok vagy standter\u00fclet) nem \u00e1ll rendelkez\u00e9sre vis maior, vagy rendk\u00edv\u00fcli baleset, illetve a rendezv\u00e9ny idej\u00e9nek \u00e9s\/vagy helysz\u00edn\u00e9nek ler\u00f6vid\u00fcl\u00e9se vagy megv\u00e1ltoz\u00e1sa miatt, a ki\u00e1ll\u00edt\u00f3 nem jogosult k\u00e1rt\u00e9r\u00edt\u00e9si ig\u00e9nyekre. A szervez\u0151 nem v\u00e1llal felel\u0151ss\u00e9get a b\u00e9rleti t\u00e1rgy konkr\u00e9t tulajdons\u00e1g\u00e1\u00e9rt, konkr\u00e9t terjedelm\u00e9\u00e9rt vagy konkr\u00e9t alkalmass\u00e1g\u00e1\u00e9rt vagy haszn\u00e1lhat\u00f3s\u00e1g\u00e1\u00e9rt, illetve a ki\u00e1ll\u00edt\u00f3 c\u00e9ljaira val\u00f3 alkalmass\u00e1g\u00e1\u00e9rt \u00e9s haszn\u00e1lhat\u00f3s\u00e1g\u00e1\u00e9rt. A szervez\u0151 nem v\u00e1llal felel\u0151ss\u00e9get az \u00e1ram-, v\u00edz-, f\u0171t\u00e9s-, h\u0171t\u00e9s- \u00e9s csatornarendszer m\u0171szaki hib\u00e1i\u00e9rt \u00e9s meghib\u00e1sod\u00e1sai\u00e9rt, illetve a rendezv\u00e9nyt \u00e9rint\u0151 \u00fczemzavarok\u00e9rt vagy esem\u00e9nyek\u00e9rt. A szervez\u0151 felel\u0151ss\u00e9ge a ki\u00e1ll\u00edt\u00f3val szemben a sz\u00e1nd\u00e9koss\u00e1gra \u00e9s a s\u00falyos gondatlans\u00e1gra korl\u00e1toz\u00f3dik. A szervez\u0151 nem v\u00e1llal felel\u0151ss\u00e9get a ki\u00e1ll\u00edt\u00f3, illetve hozz\u00e1tartoz\u00f3i vagy l\u00e1togat\u00f3i \u00e1ltal a helysz\u00ednen elszenvedett szem\u00e9lyi s\u00e9r\u00fcl\u00e9sek\u00e9rt vagy anyagi k\u00e1rok\u00e9rt, k\u00fcl\u00f6n\u00f6sen a ki\u00e1ll\u00edt\u00f3 vagy harmadik f\u00e9l \u00e1ltal az \u00e9p\u00fcletbe vagy a helysz\u00ednre bevitt t\u00e1rgyak\u00e9rt. Ez akkor is \u00e9rv\u00e9nyes, ha a k\u00e1rt a b\u00e9rbead\u00f3 \u00e9p\u00fcleteinek vagy l\u00e9tes\u00edtm\u00e9nyeinek hib\u00e1i okozz\u00e1k, kiv\u00e9ve, ha a szervez\u0151 saj\u00e1t (sz\u00e1nd\u00e9kos vagy s\u00falyosan gondatlan) hib\u00e1j\u00e1b\u00f3l ered\u0151 hib\u00e1k\u00e9rt felel\u0151s. A parkol\u00f3 haszn\u00e1lata saj\u00e1t felel\u0151ss\u00e9gre t\u00f6rt\u00e9nik.<\/p>\n\n<h2 class=\"wp-block-heading\">Jelv\u00e9nyt\u00f6rv\u00e9ny<\/h2>\n\n<p><br\/>\u00a7 (1) Ausztri\u00e1ban betiltott szervezet jelv\u00e9nyei, egyenruh\u00e1i vagy egyenruh\u00e1j\u00e1nak r\u00e9szei nyilv\u00e1nosan nem viselhet\u0151k, nem mutathat\u00f3k be, nem k\u00e9pviselhet\u0151k \u00e9s nem terjeszthet\u0151k. Az embl\u00e9m\u00e1k, szimb\u00f3lumok \u00e9s rendsz\u00e1mt\u00e1bl\u00e1k szint\u00e9n jelv\u00e9nynek tekintend\u0151k.<\/p>\n\n<p>(2) A (2) bekezd\u00e9sben foglalt tilalom. Az 1. pont hat\u00e1lya kiterjed azokra a jelv\u00e9nyekre, egyenruh\u00e1kra \u00e9s egyenruhar\u00e9szekre is, amelyek hasonl\u00f3s\u00e1guk vagy nyilv\u00e1nval\u00f3 rendeltet\u00e9s\u00fck miatt a (1) bekezd\u00e9sben felsorolt t\u00e1rgyak valamelyik\u00e9t helyettes\u00edthetik. 1 eml\u00edtett jelv\u00e9nyek, egyenruh\u00e1k vagy egyenruhar\u00e9szek haszn\u00e1lata.<\/p>\n\n<p>(3) Az olyan kit\u00fcntet\u00e9sek \u00e9s \u00e9rmek, amelyek a (3) bekezd\u00e9sben felsorolt kateg\u00f3ri\u00e1k valamelyik\u00e9t tartalmazz\u00e1k. 1 vagy (1) bekezd\u00e9s. 2 fent eml\u00edtett ruhadarabok nem viselhet\u0151k vagy mutathat\u00f3k ki nyilv\u00e1nosan.<\/p>\n\n<p>\u00a7 (1) Az 1. \u00a7-ban foglalt tilalmak nem vonatkoznak nyomtatott m\u0171vekre, k\u00e9pi \u00e1br\u00e1zol\u00e1sokra, sz\u00ednpadi \u00e9s filmm\u0171v\u00e9szeti el\u0151ad\u00e1sokra, valamint olyan ki\u00e1ll\u00edt\u00e1sokra, amelyeken az 1. \u00a7 hat\u00e1lya al\u00e1 tartoz\u00f3 ki\u00e1ll\u00edt\u00e1si t\u00e1rgyak nem k\u00e9pezik a ki\u00e1ll\u00edt\u00e1s l\u00e9nyeges r\u00e9sz\u00e9t, kiv\u00e9ve, ha valamely tiltott szervezet eszm\u00e9it t\u00e1mogatj\u00e1k vagy terjesztik.<\/p>\n\n<p>(2) Az 1. \u00a7-ban foglalt tilalmak nem vonatkoznak m\u00e1s ki\u00e1ll\u00edt\u00e1sokra, ha a ki\u00e1ll\u00edt\u00e1s \u00e9s annak c\u00e9lja egy\u00e9rtelm\u0171en a sz\u00f3ban forg\u00f3 tiltott szervezet ideol\u00f3gi\u00e1ja ellen ir\u00e1nyul.<\/p>\n\n<p>\u00a7 (1) Aki az 1. \u00a7 szerinti tilalmat megszegi, k\u00f6zigazgat\u00e1si szab\u00e1lys\u00e9rt\u00e9st k\u00f6vet el, \u00e9s azt a j\u00e1r\u00e1si k\u00f6zigazgat\u00e1si hat\u00f3s\u00e1g, azon telep\u00fcl\u00e9s ter\u00fclet\u00e9n, amelynek ter\u00fclet\u00e9n a tartom\u00e1nyi rend\u0151rigazgat\u00f3s\u00e1g egyben els\u0151fok\u00fa biztons\u00e1gi hat\u00f3s\u00e1g is, a tartom\u00e1nyi rend\u0151rigazgat\u00f3s\u00e1g 4000 eur\u00f3ig terjed\u0151 p\u00e9nzb\u00edrs\u00e1ggal vagy egy h\u00f3napig terjed\u0151 elz\u00e1r\u00e1ssal b\u00fcnteti. S\u00falyosb\u00edt\u00f3 k\u00f6r\u00fclm\u00e9nyek fenn\u00e1ll\u00e1sa eset\u00e9n p\u00e9nzb\u00edrs\u00e1g \u00e9s elz\u00e1r\u00e1s b\u00fcntet\u00e9s is kiszabhat\u00f3 p\u00e1rhuzamosan.<\/p>\n\n<p>(2) Az 1. \u00a7 szerinti b\u0171ncselekm\u00e9ny t\u00e1rgy\u00e1t k\u00e9pez\u0151 jelv\u00e9nyeket elkobzottnak kell nyilv\u00e1n\u00edtani, amennyiben ez a jelv\u00e9nyek jellege miatt lehets\u00e9ges.<\/p>\n\n<p>(3) A k\u00eds\u00e9rlet b\u00fcntetend\u0151.<\/p>\n\n<p>4. \u00a7 E sz\u00f6vets\u00e9gi t\u00f6rv\u00e9ny v\u00e9grehajt\u00e1s\u00e1val a Sz\u00f6vets\u00e9gi Bel\u00fcgyminiszt\u00e9riumot b\u00edzz\u00e1k meg.<\/p>\n\n<p>\u00a7 5. \u00a7 3 bek. A BGBI.I. 50\/2012. sz. sz\u00f6vets\u00e9gi t\u00f6rv\u00e9ny 1. v\u00e1ltozata 2012. szeptember 1-j\u00e9n l\u00e9p hat\u00e1lyba.<\/p>\n","protected":false},"excerpt":{"rendered":"<p>A ki\u00e1ll\u00edt\u00e1s ter\u00fclet\u00e9re val\u00f3 bel\u00e9p\u00e9ssel a b\u00e9rl\u0151 elfogadja az al\u00e1bbi meg\u00e1llapod\u00e1s valamennyi felt\u00e9tel\u00e9t. &#8221; Az \u00daJ \u00c1RUK \u00e1rus\u00edt\u00e1sa tilos. &#8221; Az \u00e9rt\u00e9kes\u00edt\u00e9sb\u0151l kiz\u00e1rtak \u00c9lelmiszerek, fegyverek, &#8230; <a title=\"Bolhapiaci rendeletek\" class=\"read-more\" href=\"https:\/\/flohmarktgraz.at\/hu\/bolhapiaci-rendeletek\/\" aria-label=\"Read more about Bolhapiaci rendeletek\">\u27a0Weiterlesen<\/a><\/p>\n","protected":false},"author":1,"featured_media":0,"parent":0,"menu_order":0,"comment_status":"closed","ping_status":"closed","template":"","meta":{"footnotes":""},"class_list":["post-3287","page","type-page","status-publish"],"_links":{"self":[{"href":"https:\/\/flohmarktgraz.at\/hu\/wp-json\/wp\/v2\/pages\/3287","targetHints":{"allow":["GET"]}}],"collection":[{"href":"https:\/\/flohmarktgraz.at\/hu\/wp-json\/wp\/v2\/pages"}],"about":[{"href":"https:\/\/flohmarktgraz.at\/hu\/wp-json\/wp\/v2\/types\/page"}],"author":[{"embeddable":true,"href":"https:\/\/flohmarktgraz.at\/hu\/wp-json\/wp\/v2\/users\/1"}],"replies":[{"embeddable":true,"href":"https:\/\/flohmarktgraz.at\/hu\/wp-json\/wp\/v2\/comments?post=3287"}],"version-history":[{"count":0,"href":"https:\/\/flohmarktgraz.at\/hu\/wp-json\/wp\/v2\/pages\/3287\/revisions"}],"wp:attachment":[{"href":"https:\/\/flohmarktgraz.at\/hu\/wp-json\/wp\/v2\/media?parent=3287"}],"curies":[{"name":"wp","href":"https:\/\/api.w.org\/{rel}","templated":true}]}}