{"id":3273,"date":"2023-01-30T18:05:18","date_gmt":"2023-01-30T18:05:18","guid":{"rendered":"https:\/\/flohmarktgraz.at\/snack-catering\/"},"modified":"2023-12-29T01:15:28","modified_gmt":"2023-12-29T01:15:28","slug":"snack-catering","status":"publish","type":"page","link":"https:\/\/flohmarktgraz.at\/hu\/snack-catering\/","title":{"rendered":"Snack &amp; Catering"},"content":{"rendered":"\n<p>Minden h\u00e9tv\u00e9g\u00e9n szombaton, vas\u00e1rnap \u00e9s \u00fcnnepnap 06:00-13:00 k\u00f6z\u00f6tt a Puntigam bolhapiacon v\u00e1rjuk \u00d6n\u00f6ket, hogy finoms\u00e1gokkal k\u00e9nyeztess\u00fck \u00d6n\u00f6ket. Ropog\u00f3s langall\u00f3t, K\u00c4SEKRAINER-t, bratwurstot, schnitzel tekercset, k\u00e1v\u00e9t, s\u00f6rt, italokat \u00e9s m\u00e9g sok m\u00e1st k\u00edn\u00e1lunk &#8211; v\u00e1runk mindenkit!<\/p>\n\n<div class=\"wp-block-columns alignwide is-layout-flex wp-container-core-columns-is-layout-9d6595d7 wp-block-columns-is-layout-flex\">\n<div class=\"wp-block-column is-layout-flow wp-block-column-is-layout-flow\" style=\"flex-basis:100%\"><\/div>\n<\/div>\n\n<figure class=\"wp-block-gallery has-nested-images columns-default is-cropped wp-block-gallery-1 is-layout-flex wp-block-gallery-is-layout-flex\">\n<figure class=\"wp-block-image size-large is-style-rounded\"><img loading=\"lazy\" decoding=\"async\" width=\"768\" height=\"1024\" data-id=\"2709\" src=\"https:\/\/flohmarktgraz.at\/wp-content\/uploads\/2022\/12\/Frische-langos-jeden-samstag-sonntag-flohmarkt-puntigam-graz-1-768x1024.jpg\" alt=\"\" class=\"wp-image-2709\" srcset=\"https:\/\/flohmarktgraz.at\/wp-content\/uploads\/2022\/12\/Frische-langos-jeden-samstag-sonntag-flohmarkt-puntigam-graz-1-768x1024.jpg 768w, https:\/\/flohmarktgraz.at\/wp-content\/uploads\/2022\/12\/Frische-langos-jeden-samstag-sonntag-flohmarkt-puntigam-graz-1-225x300.jpg 225w, https:\/\/flohmarktgraz.at\/wp-content\/uploads\/2022\/12\/Frische-langos-jeden-samstag-sonntag-flohmarkt-puntigam-graz-1-1152x1536.jpg 1152w, https:\/\/flohmarktgraz.at\/wp-content\/uploads\/2022\/12\/Frische-langos-jeden-samstag-sonntag-flohmarkt-puntigam-graz-1.jpg 1536w\" sizes=\"auto, (max-width: 768px) 100vw, 768px\" \/><\/figure>\n\n\n\n<figure class=\"wp-block-image size-large is-style-rounded\"><img loading=\"lazy\" decoding=\"async\" width=\"768\" height=\"1024\" data-id=\"2711\" src=\"https:\/\/flohmarktgraz.at\/wp-content\/uploads\/2022\/12\/herzhafte-Kaesekrainer-flohmart-puntigam-catering-baerlis-imbis-768x1024.jpg\" alt=\"\" class=\"wp-image-2711\" srcset=\"https:\/\/flohmarktgraz.at\/wp-content\/uploads\/2022\/12\/herzhafte-Kaesekrainer-flohmart-puntigam-catering-baerlis-imbis-768x1024.jpg 768w, https:\/\/flohmarktgraz.at\/wp-content\/uploads\/2022\/12\/herzhafte-Kaesekrainer-flohmart-puntigam-catering-baerlis-imbis-225x300.jpg 225w, https:\/\/flohmarktgraz.at\/wp-content\/uploads\/2022\/12\/herzhafte-Kaesekrainer-flohmart-puntigam-catering-baerlis-imbis-1152x1536.jpg 1152w, https:\/\/flohmarktgraz.at\/wp-content\/uploads\/2022\/12\/herzhafte-Kaesekrainer-flohmart-puntigam-catering-baerlis-imbis.jpg 1536w\" sizes=\"auto, (max-width: 768px) 100vw, 768px\" \/><\/figure>\n\n\n\n<figure class=\"wp-block-image size-large is-style-rounded\"><img loading=\"lazy\" decoding=\"async\" width=\"768\" height=\"1024\" data-id=\"2710\" src=\"https:\/\/flohmarktgraz.at\/wp-content\/uploads\/2022\/12\/Riesen-Langos-knuspig-graz-flohmarkt-catering-puntigam-1-768x1024.jpg\" alt=\"\" class=\"wp-image-2710\" srcset=\"https:\/\/flohmarktgraz.at\/wp-content\/uploads\/2022\/12\/Riesen-Langos-knuspig-graz-flohmarkt-catering-puntigam-1-768x1024.jpg 768w, https:\/\/flohmarktgraz.at\/wp-content\/uploads\/2022\/12\/Riesen-Langos-knuspig-graz-flohmarkt-catering-puntigam-1-225x300.jpg 225w, https:\/\/flohmarktgraz.at\/wp-content\/uploads\/2022\/12\/Riesen-Langos-knuspig-graz-flohmarkt-catering-puntigam-1-1152x1536.jpg 1152w, https:\/\/flohmarktgraz.at\/wp-content\/uploads\/2022\/12\/Riesen-Langos-knuspig-graz-flohmarkt-catering-puntigam-1.jpg 1536w\" sizes=\"auto, (max-width: 768px) 100vw, 768px\" \/><\/figure>\n\n\n\n<figure class=\"wp-block-image size-large is-style-rounded\"><img loading=\"lazy\" decoding=\"async\" width=\"1024\" height=\"598\" data-id=\"2759\" src=\"https:\/\/flohmarktgraz.at\/wp-content\/uploads\/2023\/01\/photo_2022-05-15_20-45-41-1024x598.jpg\" alt=\"\" class=\"wp-image-2759\" srcset=\"https:\/\/flohmarktgraz.at\/wp-content\/uploads\/2023\/01\/photo_2022-05-15_20-45-41-1024x598.jpg 1024w, https:\/\/flohmarktgraz.at\/wp-content\/uploads\/2023\/01\/photo_2022-05-15_20-45-41-300x175.jpg 300w, https:\/\/flohmarktgraz.at\/wp-content\/uploads\/2023\/01\/photo_2022-05-15_20-45-41-768x448.jpg 768w, https:\/\/flohmarktgraz.at\/wp-content\/uploads\/2023\/01\/photo_2022-05-15_20-45-41.jpg 1280w\" sizes=\"auto, (max-width: 1024px) 100vw, 1024px\" \/><figcaption class=\"wp-element-caption\">Grillez\u0151 kunyh\u00f3 \/ vend\u00e9gl\u00e1t\u00e1s \u00d6r\u00f6mmel fogadjuk az \u00e9rdekl\u0151d\u00e9seket 50 f\u0151t\u0151l.  <br\/>L\u00e1togasson el honlapunkra, \u00e9s h\u00edvjon fel minket.<\/figcaption><\/figure>\n<figcaption class=\"blocks-gallery-caption wp-element-caption\"><a href=\"http:\/\/www.baerlis-grillhendl.at\" target=\"_blank\" rel=\"noreferrer noopener\">www.baerlis-grillhendl.at<\/a><\/figcaption><\/figure>\n","protected":false},"excerpt":{"rendered":"<p>Minden h\u00e9tv\u00e9g\u00e9n szombaton, vas\u00e1rnap \u00e9s \u00fcnnepnap 06:00-13:00 k\u00f6z\u00f6tt a Puntigam bolhapiacon v\u00e1rjuk \u00d6n\u00f6ket, hogy finoms\u00e1gokkal k\u00e9nyeztess\u00fck \u00d6n\u00f6ket. Ropog\u00f3s langall\u00f3t, K\u00c4SEKRAINER-t, bratwurstot, schnitzel tekercset, k\u00e1v\u00e9t, s\u00f6rt, &#8230; <a title=\"Snack &amp; Catering\" class=\"read-more\" href=\"https:\/\/flohmarktgraz.at\/hu\/snack-catering\/\" aria-label=\"Read more about Snack &amp; Catering\">\u27a0Weiterlesen<\/a><\/p>\n","protected":false},"author":1,"featured_media":3160,"parent":0,"menu_order":0,"comment_status":"closed","ping_status":"closed","template":"","meta":{"footnotes":""},"class_list":["post-3273","page","type-page","status-publish","has-post-thumbnail"],"_links":{"self":[{"href":"https:\/\/flohmarktgraz.at\/hu\/wp-json\/wp\/v2\/pages\/3273","targetHints":{"allow":["GET"]}}],"collection":[{"href":"https:\/\/flohmarktgraz.at\/hu\/wp-json\/wp\/v2\/pages"}],"about":[{"href":"https:\/\/flohmarktgraz.at\/hu\/wp-json\/wp\/v2\/types\/page"}],"author":[{"embeddable":true,"href":"https:\/\/flohmarktgraz.at\/hu\/wp-json\/wp\/v2\/users\/1"}],"replies":[{"embeddable":true,"href":"https:\/\/flohmarktgraz.at\/hu\/wp-json\/wp\/v2\/comments?post=3273"}],"version-history":[{"count":0,"href":"https:\/\/flohmarktgraz.at\/hu\/wp-json\/wp\/v2\/pages\/3273\/revisions"}],"wp:featuredmedia":[{"embeddable":true,"href":"https:\/\/flohmarktgraz.at\/hu\/wp-json\/wp\/v2\/media\/3160"}],"wp:attachment":[{"href":"https:\/\/flohmarktgraz.at\/hu\/wp-json\/wp\/v2\/media?parent=3273"}],"curies":[{"name":"wp","href":"https:\/\/api.w.org\/{rel}","templated":true}]}}