{"id":3256,"date":"2022-11-25T14:52:47","date_gmt":"2022-11-25T14:52:47","guid":{"rendered":"https:\/\/flohmarktgraz.at\/tippek-es-truekkoek-a-sikeres-eladashoz-a-grazi-bolhapiacon-a-cineplexx-puntigam-parkolojaban\/"},"modified":"2023-12-29T01:15:27","modified_gmt":"2023-12-29T01:15:27","slug":"tippek-es-truekkoek-a-sikeres-eladashoz-a-grazi-bolhapiacon-a-cineplexx-puntigam-parkolojaban","status":"publish","type":"page","link":"https:\/\/flohmarktgraz.at\/hu\/tippek-es-truekkoek-a-sikeres-eladashoz-a-grazi-bolhapiacon-a-cineplexx-puntigam-parkolojaban\/","title":{"rendered":"Tippek \u00e9s tr\u00fckk\u00f6k a sikeres elad\u00e1shoz a grazi bolhapiacon a Cineplexx Puntigam parkol\u00f3j\u00e1ban."},"content":{"rendered":"\n<p><br\/>A bolhapiacon val\u00f3 megjelen\u00e9s \u00e9s az elad\u00e1sok n\u00f6vel\u00e9se \u00e9rdek\u00e9ben el\u00e1rulunk n\u00e9h\u00e1ny egyszer\u0171 tr\u00fckk\u00f6t \u00e9s tippet. \u00c9rdemes ezeket szem el\u0151tt tartani, mivel ez val\u00f3ban nagy k\u00fcl\u00f6nbs\u00e9get jelenthet abban, hogy hogyan mutatja be az \u00e1rut, \u00e9s hogyan k\u00f6zel\u00edti meg az elad\u00e1st!<\/p>\n\n<h2 class=\"wp-block-heading\"><mark style=\"background-color:rgba(0, 0, 0, 0)\" class=\"has-inline-color has-accent-color\"><strong>Mutassa be \u00e1ruj\u00e1t vonz\u00f3an<\/strong><\/mark><\/h2>\n\n<p>Egy ter\u00edt\u0151 a stand asztal\u00e1n, ruhatart\u00f3 s\u00ednek a ruh\u00e1khoz vagy egyszer\u0171en csak az \u00e1rucikkeinek sz\u00e9p elrendez\u00e9se gyorsan feldobhatja a standj\u00e1t. L\u00e9gy kreat\u00edv \u00e9s engedd ki a g\u0151zt a d\u00edsz\u00edt\u00e9s sor\u00e1n! \u00c1llv\u00e1nyaink az \u00e1tlagosn\u00e1l nagyobbak, \u00edgy nincs korl\u00e1tja annak, hogy mik\u00e9nt mutathatja be \u00e1ruj\u00e1t!<\/p>\n\n<hr class=\"wp-block-separator has-alpha-channel-opacity\"\/>\n\n<h2 class=\"wp-block-heading\"><strong><mark style=\"background-color:rgba(0, 0, 0, 0)\" class=\"has-inline-color has-accent-color\">\u00dcgyeljen az \u00e1ruk \u00e1llapot\u00e1ra<\/mark><\/strong><\/h2>\n\n<p>\u00c9rdemes az \u00e1rut elad\u00e1s el\u0151tt \u00fajra megtiszt\u00edtani vagy kimosni. Ez jav\u00edtja az \u00e1ru megjelen\u00e9s\u00e9t, \u00e9s vonz\u00f3bb\u00e1 teszi azt a potenci\u00e1lis v\u00e1s\u00e1rl\u00f3k sz\u00e1m\u00e1ra!<\/p>\n\n<hr class=\"wp-block-separator has-alpha-channel-opacity\"\/>\n\n<h2 class=\"wp-block-heading\"><strong><mark style=\"background-color:rgba(0, 0, 0, 0)\" class=\"has-inline-color has-accent-color\">L\u00e9gy bar\u00e1ts\u00e1gos<\/mark><\/strong><\/h2>\n\n<p>Egy \u00fczletben azt is elv\u00e1rja, hogy bar\u00e1ts\u00e1gosan \u00e9s udvariasan b\u00e1njanak vele. Legyen pozit\u00edv \u00e9s bar\u00e1ts\u00e1gos a hangulata, hogy a v\u00e1s\u00e1rl\u00f3kat a standj\u00e1hoz vonzza! Egy bar\u00e1ts\u00e1gos mosoly gyakran csod\u00e1kra k\u00e9pes.  <\/p>\n\n<hr class=\"wp-block-separator has-alpha-channel-opacity\"\/>\n\n<h2 class=\"wp-block-heading\"><strong><mark style=\"background-color:rgba(0, 0, 0, 0)\" class=\"has-inline-color has-accent-color\">Az \u00e1ruk \u00e9rt\u00e9k\u00e9nek meghat\u00e1roz\u00e1sa<\/mark><\/strong><\/h2>\n\n<p>M\u00e9g ha olyan dolgokat is adsz el, amelyeknek m\u00e1r nincs hasznod, akkor sem \u00e9rt\u00e9ktelenek! Tudja meg el\u0151re, mennyit \u00e9rnek az \u00e1rucikkei, \u00e9s milyen \u00e1r az \u00e9sszer\u0171. A bolhapiacokon k\u00f6ztudottan alacsonyak az \u00e1rak, de ne adj el semmit j\u00f3val a t\u00e9nyleges \u00e9rt\u00e9ke alatt, \u00e9s ne kock\u00e1ztasd a profitodat!<\/p>\n\n<hr class=\"wp-block-separator has-alpha-channel-opacity\"\/>\n\n<h2 class=\"wp-block-heading\"><strong><mark style=\"background-color:rgba(0, 0, 0, 0)\" class=\"has-inline-color has-accent-color\">T\u00e1rgyalni<\/mark><\/strong><\/h2>\n\n<p>A bolhapiacokon az emberek nagyon szeretnek alkudozni, ez\u00e9rt k\u00e9sz\u00fclj fel, \u00e9s ne l\u00e9gy sz\u00e9gyenl\u0151s! A legjobb esetben olyan \u00e1rban \u00e1llapodhat meg, amely \u00d6nnek \u00e9s a vev\u0151j\u00e9nek is megfelel! Teh\u00e1t ne ragaszkodj t\u00fals\u00e1gosan egy bizonyos \u00e1rhoz, \u00e9s hagyd, hogy besz\u00e9ljenek veled, de mint m\u00e1r eml\u00edtettem, csak addig, am\u00edg az \u00e1r m\u00e9g elfogadhat\u00f3!<\/p>\n\n<hr class=\"wp-block-separator has-alpha-channel-opacity\"\/>\n\n<h2 class=\"wp-block-heading\"><strong><mark style=\"background-color:rgba(0, 0, 0, 0)\" class=\"has-inline-color has-accent-color\">\u00c9rkezzen id\u0151ben a stand fel\u00e1ll\u00edt\u00e1s\u00e1hoz<\/mark><\/strong><\/h2>\n\n<p>Nem kell agg\u00f3dnod, hogy ha elk\u00e9sel, nem kapsz helyet a bolhapiacon, mert elegend\u0151 standunk van, de az\u00e9rt \u00e9rdemes kor\u00e1n j\u00f6nn\u00f6d. Sz\u00e1nj el\u00e9g id\u0151t a stand fel\u00e1ll\u00edt\u00e1s\u00e1ra \u00e9s d\u00edsz\u00edt\u00e9s\u00e9re!<\/p>\n\n<hr class=\"wp-block-separator has-alpha-channel-opacity\"\/>\n\n<h2 class=\"wp-block-heading\"><strong><mark style=\"background-color:rgba(0, 0, 0, 0)\" class=\"has-inline-color has-accent-color\">Ny\u00edltan, de nem tolakod\u00f3an k\u00f6zeledjen a vev\u0151kh\u00f6z.<\/mark><\/strong><\/h2>\n\n<p>El\u0151fordulhat, hogy a k\u00f6vetkez\u0151 helyzetbe ker\u00fcl: egy potenci\u00e1lis vev\u0151 \u00e1ll a standja el\u0151tt, \u00e9s \u00e9rdekl\u0151dik az \u00e1ruja ir\u00e1nt, de m\u00e9g nem kereste meg \u00d6nt. Ne sz\u00e9gyenl\u0151sk\u00f6dj, \u00e9s tedd meg az els\u0151 l\u00e9p\u00e9st! Legyen nyitott, kommunikat\u00edv \u00e9s n\u00e9pszer\u0171s\u00edtse term\u00e9k\u00e9t, hogy v\u00e9g\u00fcl eladhassa azt.<\/p>\n\n<hr class=\"wp-block-separator has-alpha-channel-opacity\"\/>\n\n<h2 class=\"wp-block-heading\"><strong><mark style=\"background-color:rgba(0, 0, 0, 0)\" class=\"has-inline-color has-accent-color\">Csomag\u00e1rak<\/mark><\/strong><\/h2>\n\n<p>Sok term\u00e9k eset\u00e9ben \u00e9rdemes csomag\u00e1rakat k\u00edn\u00e1lni. N\u00f6velje elad\u00e1sait azzal, hogy t\u00f6bb darabot egy\u00fctt, de jobb \u00e1ron ad el!<\/p>\n\n<hr class=\"wp-block-separator has-alpha-channel-opacity\"\/>\n\n<h2 class=\"wp-block-heading\"><strong><mark style=\"background-color:rgba(0, 0, 0, 0)\" class=\"has-inline-color has-accent-color\">Nincs \u00e1ru nem elad\u00f3<\/mark><\/strong><\/h2>\n\n<p>Ha nem vagy biztos benne, hogy valaki egy\u00e1ltal\u00e1n fizetne n\u00e9h\u00e1ny darab\u00e9rt, csak vidd magaddal! Lehet, hogy a term\u00e9k m\u00e1r nem \u00e9rt\u00e9kes az \u00d6n sz\u00e1m\u00e1ra, de valaki m\u00e1s sz\u00e1m\u00e1ra igen. Ha t\u00e9nyleg nem akarsz t\u00f6bbet k\u00e9rni valami\u00e9rt, akkor vedd el m\u00e9gis, \u00e9s add el. Mindig j\u00f3, amikor egy darab m\u00e1sodik \u00e9letet kap, \u00e9s valaki m\u00e1s is \u00e9lvezheti, ahelyett, hogy elhamarkodottan kidobn\u00e1!<\/p>\n\n<hr class=\"wp-block-separator has-alpha-channel-opacity\"\/>\n\n<h2 class=\"wp-block-heading\"><strong><mark style=\"background-color:rgba(0, 0, 0, 0)\" class=\"has-inline-color has-accent-color\">\u00c9lvezz\u00e9k a napot \u00e9s \u00e9rezz\u00e9k j\u00f3l magukat<\/mark><\/strong> <\/h2>\n\n<p>A bolhapiacon val\u00f3 \u00e1rus\u00edt\u00e1s k\u00fcl\u00f6nleges \u00e9lm\u00e9ny, k\u00fcl\u00f6n\u00f6sen akkor, ha nem csin\u00e1lod rendszeresen. \u00c9lvezze a napot \u00e9s j\u00f3 sz\u00f3rakoz\u00e1st az elad\u00e1shoz! M\u00e1sodik \u00e9letet adsz az \u00e1ruknak, boldogg\u00e1 teszel m\u00e1sokat, megszabadulsz a r\u00e9gi terhekt\u0151l \u00e9s keresel egy kis plusz p\u00e9nzt!<\/p>\n\n<hr class=\"wp-block-separator has-alpha-channel-opacity\"\/>\n\n<h2 class=\"wp-block-heading\"><strong><mark style=\"background-color:rgba(0, 0, 0, 0)\" class=\"has-inline-color has-accent-color\">V\u00e1lassza ki a megfelel\u0151 bolhapiacot az \u00e1ru sz\u00e1m\u00e1ra<\/mark><\/strong><\/h2>\n\n<p>Szerencs\u00e9re a Puntigam bolhapiac a megfelel\u0151 hely minden \u00e1rucikknek! Sok l\u00e1togat\u00f3, kellemes hangulat, ingyenes parkol\u00e1s. A v\u00e1s\u00e1rl\u00f3knak nem kell olyan messzire cipelni\u00fck a bolhapiaci \u00e1rukat, az aut\u00f3jukkal k\u00f6zvetlen\u00fcl az \u00e1rus\u00edt\u00f3hely m\u00f6g\u00f6tt parkolhatnak, \u00e9s m\u00e9g sok minden m\u00e1s. A <strong>haszn\u00e1lt ruh\u00e1kt\u00f3l<\/strong> kezdve a <strong>gyermekruh\u00e1kon<\/strong>, <strong>haszn\u00e1lt elektromos k\u00e9sz\u00fcl\u00e9keken<\/strong>, <strong>ed\u00e9nyeken<\/strong>, <strong>lemezeken<\/strong>, <strong>k\u00f6nyveken<\/strong> \u00e9s <strong>antik b\u00fatorokon<\/strong> \u00e1t mindent eladunk. Teh\u00e1t nem sz\u00e1m\u00edt, mit szeretne eladni, a j\u00f3 helyen j\u00e1r a grazi bolhapiacon a Cineplexx parkol\u00f3j\u00e1ban!<\/p>\n\n<hr class=\"wp-block-separator has-alpha-channel-opacity\"\/>\n\n<h2 class=\"wp-block-heading\"><strong><mark style=\"background-color:rgba(0, 0, 0, 0)\" class=\"has-inline-color has-accent-color\">Ne vesz\u00edtse el a motiv\u00e1ci\u00f3j\u00e1t<\/mark><\/strong><\/h2>\n\n<p>Mindenkinek van rossz napja, de ne hagyd, hogy ez elszomor\u00edtson! Pr\u00f3b\u00e1ljon ki k\u00fcl\u00f6nb\u00f6z\u0151 \u00e9rt\u00e9kes\u00edt\u00e9si technik\u00e1kat a nap folyam\u00e1n. Prom\u00f3t\u00e1lja jobban a term\u00e9keit, forduljon ny\u00edltan az emberekhez, mutassa be m\u00e1sk\u00e9pp az \u00e1ruj\u00e1t. Sok lehet\u0151s\u00e9g van, \u00e9s rengeteg id\u0151d van arra, hogy mindent kipr\u00f3b\u00e1lj. Ne add fel!<\/p>\n\n<hr class=\"wp-block-separator has-alpha-channel-opacity\"\/>\n\n<h2 class=\"wp-block-heading\"><strong><mark style=\"background-color:rgba(0, 0, 0, 0)\" class=\"has-inline-color has-accent-color\">Vigye mag\u00e1val az eredeti csomagol\u00e1st \u00e9s haszn\u00e1lati utas\u00edt\u00e1st<\/mark><\/strong><\/h2>\n\n<p>Tal\u00e1n m\u00e9g mindig megvan otthon az egyik vagy m\u00e1sik term\u00e9k eredeti csomagol\u00e1sa vagy haszn\u00e1lati utas\u00edt\u00e1sa. Vigye mag\u00e1val mindkett\u0151t, \u00e9s adja oda a vev\u0151j\u00e9nek. Ez n\u00f6veli a term\u00e9k \u00e9rt\u00e9k\u00e9t, \u00e9s egy sz\u00e9p extra!<\/p>\n\n<hr class=\"wp-block-separator has-alpha-channel-opacity\"\/>\n\n<h2 class=\"wp-block-heading\"><strong><mark style=\"background-color:rgba(0, 0, 0, 0)\" class=\"has-inline-color has-accent-color\">Tartsa tiszt\u00e1n \u00e9s rendben a teret<\/mark><\/strong><\/h2>\n\n<p>Egy tiszta t\u00e9r nem csak jobban n\u00e9z ki, de sokkal vonz\u00f3bb \u00e9s h\u00edvogat\u00f3bb is az \u00fcgyfelek sz\u00e1m\u00e1ra. A f\u00f6ld\u00f6n hever\u0151 \u00e1ruk mindig kopottasan n\u00e9znek ki!<\/p>\n\n<hr class=\"wp-block-separator has-alpha-channel-opacity\"\/>\n\n<h2 class=\"wp-block-heading\"><strong><mark style=\"background-color:rgba(0, 0, 0, 0)\" class=\"has-inline-color has-accent-color\">Adjon az \u00e9rdekes \u00e1ruknak j\u00f3 helyet<\/mark><\/strong><\/h2>\n\n<p>Helyezzen el \u00e9rdekes \u00e1rukat j\u00f3l l\u00e1that\u00f3 helyre, hogy a v\u00e1s\u00e1rl\u00f3kat a standj\u00e1hoz vonzza. Ennek eredm\u00e9nyek\u00e9ppen elj\u00f6nnek a standj\u00e1hoz, \u00e9s m\u00e1s dolgokat is \u00e1tn\u00e9znek.<\/p>\n\n<hr class=\"wp-block-separator has-alpha-channel-opacity\"\/>\n\n<h2 class=\"wp-block-heading\"><strong><mark style=\"background-color:rgba(0, 0, 0, 0)\" class=\"has-inline-color has-accent-color\">L\u00e9gy t\u00fcrelmes!<\/mark><\/strong><\/h2>\n\n<p>Lesznek olyan szakaszok, amikor sok l\u00e1togat\u00f3 \u00e9rkezik, \u00e9s lesznek olyanok, amikor nagyon kev\u00e9s t\u00f6rt\u00e9nik. Ha t\u00fal kor\u00e1n csomagolja be az \u00e1rut, elriasztja a m\u00e9g a helysz\u00ednen tart\u00f3zkod\u00f3 potenci\u00e1lis v\u00e1s\u00e1rl\u00f3kat. T\u00fals\u00e1gosan gyakran ker\u00fcl egy-k\u00e9t j\u00f3 \u00fczletbe!<br\/><\/p>\n\n<hr class=\"wp-block-separator has-alpha-channel-opacity\"\/>\n\n<h2 class=\"wp-block-heading\"><strong><mark style=\"background-color:rgba(0, 0, 0, 0)\" class=\"has-inline-color has-accent-color\">Legyen bar\u00e1ts\u00e1gos a szomsz\u00e9dokkal<\/mark><\/strong><\/h2>\n\n<p>A bar\u00e1ts\u00e1goss\u00e1g mindig kir\u00e1ly! Ha ki kell mennie a mosd\u00f3ba vagy \u00e9lelem\u00e9rt, \u00e9s a standj\u00e1n\u00e1l potenci\u00e1lis v\u00e1s\u00e1rl\u00f3k vannak, mindig hasznos, ha a bolhapiacon a szomsz\u00e9dj\u00e1val tud sz\u00f3t \u00e9rteni, \u00e9s seg\u00edts\u00e9get k\u00e9rni.<\/p>\n\n<p class=\"has-text-align-center\"><a href=\"https:\/\/flohmarktgraz.at\/hu\/?page_id=3261\" target=\"_blank\" rel=\"noreferrer noopener\"><strong><mark style=\"background-color:rgba(0, 0, 0, 0)\" class=\"has-inline-color has-accent-color\">Kattints! Itt tal\u00e1lja a bolhapiaci ki\u00e1ll\u00edt\u00f3knak sz\u00f3l\u00f3 inform\u00e1ci\u00f3kat \u00e9s a bolhapiaci szab\u00e1lyokat, amelyeket el kell olvasnia, hogy tudja, mit szabad \u00e9s mit tilos \u00e1rulni a grazi bolhapiacon.<\/mark><\/strong><\/a><\/p>\n\n<p>J\u00f3 sz\u00f3rakoz\u00e1st a grazi bolhapiacon &#8211; Puntigam!<\/p>\n","protected":false},"excerpt":{"rendered":"<p>A bolhapiacon val\u00f3 megjelen\u00e9s \u00e9s az elad\u00e1sok n\u00f6vel\u00e9se \u00e9rdek\u00e9ben el\u00e1rulunk n\u00e9h\u00e1ny egyszer\u0171 tr\u00fckk\u00f6t \u00e9s tippet. \u00c9rdemes ezeket szem el\u0151tt tartani, mivel ez val\u00f3ban nagy k\u00fcl\u00f6nbs\u00e9get &#8230; <a title=\"Tippek \u00e9s tr\u00fckk\u00f6k a sikeres elad\u00e1shoz a grazi bolhapiacon a Cineplexx Puntigam parkol\u00f3j\u00e1ban.\" class=\"read-more\" href=\"https:\/\/flohmarktgraz.at\/hu\/tippek-es-truekkoek-a-sikeres-eladashoz-a-grazi-bolhapiacon-a-cineplexx-puntigam-parkolojaban\/\" aria-label=\"Read more about Tippek \u00e9s tr\u00fckk\u00f6k a sikeres elad\u00e1shoz a grazi bolhapiacon a Cineplexx Puntigam parkol\u00f3j\u00e1ban.\">\u27a0Weiterlesen<\/a><\/p>\n","protected":false},"author":1,"featured_media":3132,"parent":0,"menu_order":0,"comment_status":"closed","ping_status":"closed","template":"","meta":{"footnotes":""},"class_list":["post-3256","page","type-page","status-publish","has-post-thumbnail"],"_links":{"self":[{"href":"https:\/\/flohmarktgraz.at\/hu\/wp-json\/wp\/v2\/pages\/3256","targetHints":{"allow":["GET"]}}],"collection":[{"href":"https:\/\/flohmarktgraz.at\/hu\/wp-json\/wp\/v2\/pages"}],"about":[{"href":"https:\/\/flohmarktgraz.at\/hu\/wp-json\/wp\/v2\/types\/page"}],"author":[{"embeddable":true,"href":"https:\/\/flohmarktgraz.at\/hu\/wp-json\/wp\/v2\/users\/1"}],"replies":[{"embeddable":true,"href":"https:\/\/flohmarktgraz.at\/hu\/wp-json\/wp\/v2\/comments?post=3256"}],"version-history":[{"count":0,"href":"https:\/\/flohmarktgraz.at\/hu\/wp-json\/wp\/v2\/pages\/3256\/revisions"}],"wp:featuredmedia":[{"embeddable":true,"href":"https:\/\/flohmarktgraz.at\/hu\/wp-json\/wp\/v2\/media\/3132"}],"wp:attachment":[{"href":"https:\/\/flohmarktgraz.at\/hu\/wp-json\/wp\/v2\/media?parent=3256"}],"curies":[{"name":"wp","href":"https:\/\/api.w.org\/{rel}","templated":true}]}}